{"id":1561,"date":"2025-09-16T11:28:00","date_gmt":"2025-09-16T09:28:00","guid":{"rendered":"https:\/\/www.naratiezzi.it\/contactez-nous-copie\/"},"modified":"2025-09-16T11:28:45","modified_gmt":"2025-09-16T09:28:45","slug":"contactez-nous-copie","status":"publish","type":"page","link":"https:\/\/www.naratiezzi.it\/fr\/contactez-nous-copie\/","title":{"rendered":"Contactez-nous Copie"},"content":{"rendered":"<!--themify_builder_content-->\n<div id=\"themify_builder_content-1561\" data-postid=\"1561\" class=\"themify_builder_content themify_builder_content-1561 themify_builder tf_clear\">\n                    <div  data-lazy=\"1\" class=\"module_row themify_builder_row tb_wcc9935 tb_first tf_w\">\n            <span  class=\"builder_row_cover tf_abs\" data-lazy=\"1\"><\/span>            <div class=\"row_inner col_align_top tb_col_count_1 tf_box tf_rel\">\n                        <div  data-lazy=\"1\" class=\"module_column tb-column col-full tb_k4z5905 first\">\n                            <\/div>\n                        <\/div>\n        <\/div>\n                        <div  data-lazy=\"1\" class=\"module_row themify_builder_row tb_gz4n005 tf_w\">\n                        <div class=\"row_inner col_align_top tb_col_count_3 tf_box tf_rel\">\n                        <div  data-lazy=\"1\" class=\"module_column tb-column col3-1 tb_5uwr000 first\">\n                            <\/div>\n                    <div  data-lazy=\"1\" class=\"module_column tb-column col3-1 tb_251a299\">\n                    <!-- module text -->\n<div  class=\"module module-text tb_g3nt558   \" data-lazy=\"1\">\n        <div  class=\"tb_text_wrap\">\n        <h1>Contactez nous<\/h1>    <\/div>\n<\/div>\n<!-- \/module text -->        <\/div>\n                    <div  data-lazy=\"1\" class=\"module_column tb-column col3-1 tb_qpj2410 last\">\n                            <\/div>\n                        <\/div>\n        <\/div>\n                        <div  data-lazy=\"1\" class=\"module_row themify_builder_row tb_y8nm891 tf_w\">\n                        <div class=\"row_inner col_align_top tb_col_count_2 tf_box tf_rel\">\n                        <div  data-lazy=\"1\" class=\"module_column tb-column col3-1 tb_da6g910 first\">\n                    <!-- module text -->\n<div  class=\"module module-text tb_orpg890   \" data-lazy=\"1\">\n        <div  class=\"tb_text_wrap\">\n        <h3>Centrottica s.r.l.<\/h3><p>via di Sinalunga, 41<br>52045, Foiano della Chiana (AR)<br>TEL : +39 0575648182<br>FAX : +39 0575648095<br><a href=\"https:\/\/www.centrottica.it\" target=\"_blank\" rel=\"noopener\">www.centrottica.it<\/a><\/p><h3>Espace r\u00e9serv\u00e9 aux clients<\/h3><p><a href=\"https:\/\/www.centrottica.net\" target=\"_blank\" rel=\"noopener\">www.centrottica.net<\/a><\/p>    <\/div>\n<\/div>\n<!-- \/module text --><!-- module text -->\n<div  class=\"module module-text tb_r1ro010   \" data-lazy=\"1\">\n        <div  class=\"tb_text_wrap\">\n        <h3>Heures d&rsquo;ouverture<\/h3><p>Lun-Ven : 09h00 \u2013 18h00<br>Sam-Dim : Ferm\u00e9<\/p><h3>Se connecter \u00e0 WhatsApp<\/h3><p>Scannez le code QR avec votre smartphone pour entrer en contact avec notre service client\u00e8le par t\u00e9l\u00e9phone mobile.  <a href=\"https:\/\/wa.me\/message\/XT5OKQ5GX5MUG1\" target=\"_blank\" rel=\"noopener\"><img loading=\"lazy\" decoding=\"async\" class=\"aligncenter\" src=\"https:\/\/www.naratiezzi.it\/nt\/wp-content\/uploads\/2024\/04\/whatsapp.png\" alt=\"nul\" width=\"152\" height=\"151\"><\/a><\/p>    <\/div>\n<\/div>\n<!-- \/module text -->        <\/div>\n                    <div  data-lazy=\"1\" class=\"module_column tb-column col3-2 tb_x8lt500 last\">\n                    <!-- module text -->\n<div  class=\"module module-text tb_0ffi581   \" data-lazy=\"1\">\n        <div  class=\"tb_text_wrap\">\n        <p>Nous sommes \u00e0 votre disposition pour toute information.<br>Compl\u00e9tez les champs, nous vous r\u00e9pondrons dans les 24 heures.<\/p>    <\/div>\n<\/div>\n<!-- \/module text --><!-- module contact -->\n<div  id=\"tb_qxa7815\" class=\"module module-contact tb_qxa7815 contact-style2 \" data-lazy=\"1\">\n    \n\t<form class=\"builder-contact\"\n\t\tid=\"tb_qxa7815-form\"\n\t\tmethod=\"post\"\n\t\tdata-post-id=\"1561\"\n\t\tdata-element-id=\"qxa7815\"\n\t\tdata-orig-id=\"1561\"\n\t>\n    <div class=\"contact-message\"><\/div>\n\t<input type=\"hidden\" id=\"bc_nonce\" name=\"bc_nonce\" value=\"b189e98a7a\" \/><input type=\"hidden\" name=\"_wp_http_referer\" value=\"\/fr\/wp-json\/wp\/v2\/pages\/1561\" \/>\t<div class=\"builder-contact-fields tf_rel\">\n\t\t    \t\t    <div class=\"builder-contact-field builder-contact-field-name builder-contact-text-field\">\n\t\t\t    <label class=\"control-label\" for=\"tb_qxa7815-contact-name\">\n\t\t\t\t\t\t\t\t\t\t<span class=\"tb-label-span\">Votre nom <\/span><span class=\"required\">*<\/span>\t\t\t\t<\/label>\n\t\t\t    <div class=\"control-input tf_rel\">\n\t\t\t\t    \t\t\t\t\t    <input type=\"text\" name=\"contact-name\" placeholder=\"\" id=\"tb_qxa7815-contact-name\" value=\"\" class=\"form-control\" required>\n\t\t\t\t    \t\t\t\t    \t\t\t    <\/div>\n\t\t<\/div>\n\t    \n\t\t    \t\t    <div class=\"builder-contact-field builder-contact-field-email builder-contact-text-field\">\n\t\t\t    <label class=\"control-label\" for=\"tb_qxa7815-contact-email\">\n\t\t\t\t\t\t\t\t\t\t<span class=\"tb-label-span\">Votre e-mail <\/span><span class=\"required\">*<\/span>\t\t\t\t<\/label>\n\t\t\t    <div class=\"control-input tf_rel\">\n\t\t\t\t    \t\t\t\t\t    <input type=\"email\" name=\"contact-email\" placeholder=\"\" id=\"tb_qxa7815-contact-email\" value=\"\" class=\"form-control\" required>\n\t\t\t\t    \t\t\t\t    \t\t\t    <\/div>\n\t\t<\/div>\n\t    \n\t\t    \t\t    <div class=\"builder-contact-field builder-contact-field-subject builder-contact-text-field\">\n\t\t\t    <label class=\"control-label\" for=\"tb_qxa7815-contact-subject\">\n\t\t\t\t\t\t\t\t\t\t<span class=\"tb-label-span\">Objet <\/span><span class=\"required\">*<\/span>\t\t\t\t<\/label>\n\t\t\t    <div class=\"control-input tf_rel\">\n\t\t\t\t    \t\t\t\t\t    <input type=\"text\" name=\"contact-subject\" placeholder=\"\" id=\"tb_qxa7815-contact-subject\" value=\"\" class=\"form-control\" required>\n\t\t\t\t    \t\t\t\t    \t\t\t    <\/div>\n\t\t<\/div>\n\t    \n\t\t    \t\t    <div class=\"builder-contact-field builder-contact-field-message builder-contact-textarea-field\">\n\t\t\t    <label class=\"control-label\" for=\"tb_qxa7815-contact-message\">\n\t\t\t\t\t\t\t\t\t\t<span class=\"tb-label-span\">Message <\/span>\t\t\t\t<\/label>\n\t\t\t    <div class=\"control-input tf_rel\">\n\t\t\t\t    \t\t\t\t\t    <textarea name=\"contact-message\" placeholder=\"\" id=\"tb_qxa7815-contact-message\" class=\"form-control\"><\/textarea>\n\t\t\t\t    \t\t\t\t    \t\t\t    <\/div>\n\t\t<\/div>\n\t    \n\t\t    \t\t<div class=\"builder-contact-field builder-contact-field-sendcopy\">\n\t\t    <div class=\"control-label\">\n\t\t\t\t<div class=\"control-input tf_rel\">\n\t\t\t\t\t<label class=\"send-copy\">\n\t\t\t\t\t\t<input type=\"checkbox\" name=\"contact-sendcopy\" id=\"tb_qxa7815-sendcopy\" value=\"1\">\n\t\t\t\t\t\t<span>Envoyer la copie<\/span>\n\t\t\t\t\t<\/label>\n\t\t\t\t<\/div>\n\t\t    <\/div>\n\t\t<\/div>\n\t    \t\t\n\t\t\t\t\t<div class=\"builder-contact-field builder-contact-field-gdpr\">\n\t\t\t\t<div class=\"control-label\">\n\t\t\t\t\t<div class=\"control-input tf_rel\">\n\t\t\t\t\t\t<label class=\"field-gdpr\">\n\t\t\t\t\t\t\t<input type=\"checkbox\" name=\"gdpr\" value=\"1\" required>\n\t\t\t\t\t\t\t<span>En soumettant ce formulaire, vous confirmez que vous avez lu et compris la politique de <a href=\"https:\/\/www.naratiezzi.it\/privacy-policy\/\" target=\"_blank\">confidentialit\u00e9<\/a> et vous reconnaissez que vos donn\u00e9es personnelles seront utilis\u00e9es pour r\u00e9pondre \u00e0 votre demande et la traiter.<\/span>\n\t\t\t\t\t\t\t<span class=\"required\">*<\/span>\n\t\t\t\t\t\t<\/label>\n\t\t\t\t\t<\/div>\n\t\t\t\t<\/div>\n\t\t\t<\/div>\n\t\t\n\t    \t\t\t<div class=\"builder-contact-field builder-contact-field-captcha\">\n\n\t\t\t\t\t\t\t\t\t<label class=\"control-label\">\n\t\t\t\t\t\t<span><\/span>\n\t\t\t\t\t\t<span class=\"required\">*<\/span>\n\t\t\t\t\t<\/label>\n\t\t\t\t\n\t\t\t\t<div class=\"control-input tf_rel\">\n                    <div class=\"themify_captcha_field g-recaptcha\" data-sitekey=\"6LdTvrspAAAAADIdfKp9g09sCesNlzcsc6QFXh1z\" data-ver=\"v2\"><\/div>\t\t\t\t<\/div>\n\n\t\t\t<\/div><!-- .builder-contact-field-captcha -->\n\t    \n\t    <div class=\"builder-contact-field builder-contact-field-send control-input tf_textl tf_clear tf_rel\">\n\t\t\t<button type=\"submit\" class=\"btn btn-primary\">\n\t\t\t\t<span class=\"tf_loader\"><\/span>\t\t\t\t<span class=\"tf_submit_icon\"><\/span> \n\t\t\t\tEnvoyer\t\t\t<\/button>\n\t    <\/div>\n\t<\/div>\n    <\/form>\n    <\/div>\n<!-- \/module contact -->\n        <\/div>\n                        <\/div>\n        <\/div>\n        <\/div>\n<!--\/themify_builder_content-->","protected":false},"excerpt":{"rendered":"<p>Contactez nous Centrottica s.r.l. via di Sinalunga, 4152045, Foiano della Chiana (AR)TEL : +39 0575648182FAX : +39 0575648095www.centrottica.it Espace r\u00e9serv\u00e9 aux clients www.centrottica.net Heures d&rsquo;ouverture Lun-Ven : 09h00 \u2013 18h00Sam-Dim : Ferm\u00e9 Se connecter \u00e0 WhatsApp Scannez le code QR avec votre smartphone pour entrer en contact avec notre service client\u00e8le par t\u00e9l\u00e9phone mobile. Nous [&hellip;]<\/p>\n","protected":false},"author":1,"featured_media":0,"parent":0,"menu_order":0,"comment_status":"closed","ping_status":"closed","template":"","meta":{"footnotes":""},"class_list":["post-1561","page","type-page","status-publish","hentry","has-post-title","has-post-date","has-post-category","has-post-tag","has-post-comment","has-post-author",""],"yoast_head":"<!-- This site is optimized with the Yoast SEO plugin v27.3 - https:\/\/yoast.com\/product\/yoast-seo-wordpress\/ -->\n<title>Contactez-nous Copie -<\/title>\n<meta name=\"description\" content=\"Visitez notre page de contact pour trouver toutes les informations dont vous avez besoin pour entrer en contact avec notre \u00e9quipe. Nous sommes l\u00e0 pour vous aider !\" \/>\n<meta name=\"robots\" content=\"index, follow, max-snippet:-1, max-image-preview:large, max-video-preview:-1\" \/>\n<link rel=\"canonical\" href=\"https:\/\/www.naratiezzi.it\/fr\/contactez-nous-copie\/\" \/>\n<meta property=\"og:locale\" content=\"fr_FR\" \/>\n<meta property=\"og:type\" content=\"article\" \/>\n<meta property=\"og:title\" content=\"Contactez-nous Copie -\" \/>\n<meta property=\"og:description\" content=\"Visitez notre page de contact pour trouver toutes les informations dont vous avez besoin pour entrer en contact avec notre \u00e9quipe. Nous sommes l\u00e0 pour vous aider !\" \/>\n<meta property=\"og:url\" content=\"https:\/\/www.naratiezzi.it\/fr\/contactez-nous-copie\/\" \/>\n<meta property=\"article:publisher\" content=\"https:\/\/www.facebook.com\/NaraTiezzieyewear\" \/>\n<meta property=\"article:modified_time\" content=\"2025-09-16T09:28:45+00:00\" \/>\n<meta property=\"og:image\" content=\"https:\/\/www.naratiezzi.it\/nt\/wp-content\/uploads\/2024\/04\/whatsapp.png\" \/>\n<meta name=\"twitter:card\" content=\"summary_large_image\" \/>\n<meta name=\"twitter:label1\" content=\"Dur\u00e9e de lecture estim\u00e9e\" \/>\n\t<meta name=\"twitter:data1\" content=\"1 minute\" \/>\n<script type=\"application\/ld+json\" class=\"yoast-schema-graph\">{\"@context\":\"https:\\\/\\\/schema.org\",\"@graph\":[{\"@type\":\"WebPage\",\"@id\":\"https:\\\/\\\/www.naratiezzi.it\\\/fr\\\/contactez-nous-copie\\\/\",\"url\":\"https:\\\/\\\/www.naratiezzi.it\\\/fr\\\/contactez-nous-copie\\\/\",\"name\":\"Contactez-nous Copie -\",\"isPartOf\":{\"@id\":\"https:\\\/\\\/www.naratiezzi.it\\\/fr\\\/#website\"},\"primaryImageOfPage\":{\"@id\":\"https:\\\/\\\/www.naratiezzi.it\\\/fr\\\/contactez-nous-copie\\\/#primaryimage\"},\"image\":{\"@id\":\"https:\\\/\\\/www.naratiezzi.it\\\/fr\\\/contactez-nous-copie\\\/#primaryimage\"},\"thumbnailUrl\":\"https:\\\/\\\/www.naratiezzi.it\\\/nt\\\/wp-content\\\/uploads\\\/2024\\\/04\\\/whatsapp.png\",\"datePublished\":\"2025-09-16T09:28:00+00:00\",\"dateModified\":\"2025-09-16T09:28:45+00:00\",\"description\":\"Visitez notre page de contact pour trouver toutes les informations dont vous avez besoin pour entrer en contact avec notre \u00e9quipe. Nous sommes l\u00e0 pour vous aider !\",\"breadcrumb\":{\"@id\":\"https:\\\/\\\/www.naratiezzi.it\\\/fr\\\/contactez-nous-copie\\\/#breadcrumb\"},\"inLanguage\":\"fr-FR\",\"potentialAction\":[{\"@type\":\"ReadAction\",\"target\":[\"https:\\\/\\\/www.naratiezzi.it\\\/fr\\\/contactez-nous-copie\\\/\"]}]},{\"@type\":\"ImageObject\",\"inLanguage\":\"fr-FR\",\"@id\":\"https:\\\/\\\/www.naratiezzi.it\\\/fr\\\/contactez-nous-copie\\\/#primaryimage\",\"url\":\"https:\\\/\\\/www.naratiezzi.it\\\/nt\\\/wp-content\\\/uploads\\\/2024\\\/04\\\/whatsapp.png\",\"contentUrl\":\"https:\\\/\\\/www.naratiezzi.it\\\/nt\\\/wp-content\\\/uploads\\\/2024\\\/04\\\/whatsapp.png\"},{\"@type\":\"BreadcrumbList\",\"@id\":\"https:\\\/\\\/www.naratiezzi.it\\\/fr\\\/contactez-nous-copie\\\/#breadcrumb\",\"itemListElement\":[{\"@type\":\"ListItem\",\"position\":1,\"name\":\"Home\",\"item\":\"https:\\\/\\\/www.naratiezzi.it\\\/fr\\\/\"},{\"@type\":\"ListItem\",\"position\":2,\"name\":\"Contactez-nous Copie\"}]},{\"@type\":\"WebSite\",\"@id\":\"https:\\\/\\\/www.naratiezzi.it\\\/fr\\\/#website\",\"url\":\"https:\\\/\\\/www.naratiezzi.it\\\/fr\\\/\",\"name\":\"NaraTiezzi\",\"description\":\"Sito ufficiale NaraTiezzi\",\"alternateName\":\"NaraTiezzi eyewear\",\"potentialAction\":[{\"@type\":\"SearchAction\",\"target\":{\"@type\":\"EntryPoint\",\"urlTemplate\":\"https:\\\/\\\/www.naratiezzi.it\\\/fr\\\/?s={search_term_string}\"},\"query-input\":{\"@type\":\"PropertyValueSpecification\",\"valueRequired\":true,\"valueName\":\"search_term_string\"}}],\"inLanguage\":\"fr-FR\"}]}<\/script>\n<!-- \/ Yoast SEO plugin. -->","yoast_head_json":{"title":"Contactez-nous Copie -","description":"Visitez notre page de contact pour trouver toutes les informations dont vous avez besoin pour entrer en contact avec notre \u00e9quipe. Nous sommes l\u00e0 pour vous aider !","robots":{"index":"index","follow":"follow","max-snippet":"max-snippet:-1","max-image-preview":"max-image-preview:large","max-video-preview":"max-video-preview:-1"},"canonical":"https:\/\/www.naratiezzi.it\/fr\/contactez-nous-copie\/","og_locale":"fr_FR","og_type":"article","og_title":"Contactez-nous Copie -","og_description":"Visitez notre page de contact pour trouver toutes les informations dont vous avez besoin pour entrer en contact avec notre \u00e9quipe. Nous sommes l\u00e0 pour vous aider !","og_url":"https:\/\/www.naratiezzi.it\/fr\/contactez-nous-copie\/","article_publisher":"https:\/\/www.facebook.com\/NaraTiezzieyewear","article_modified_time":"2025-09-16T09:28:45+00:00","og_image":[{"url":"https:\/\/www.naratiezzi.it\/nt\/wp-content\/uploads\/2024\/04\/whatsapp.png","type":"","width":"","height":""}],"twitter_card":"summary_large_image","twitter_misc":{"Dur\u00e9e de lecture estim\u00e9e":"1 minute"},"schema":{"@context":"https:\/\/schema.org","@graph":[{"@type":"WebPage","@id":"https:\/\/www.naratiezzi.it\/fr\/contactez-nous-copie\/","url":"https:\/\/www.naratiezzi.it\/fr\/contactez-nous-copie\/","name":"Contactez-nous Copie -","isPartOf":{"@id":"https:\/\/www.naratiezzi.it\/fr\/#website"},"primaryImageOfPage":{"@id":"https:\/\/www.naratiezzi.it\/fr\/contactez-nous-copie\/#primaryimage"},"image":{"@id":"https:\/\/www.naratiezzi.it\/fr\/contactez-nous-copie\/#primaryimage"},"thumbnailUrl":"https:\/\/www.naratiezzi.it\/nt\/wp-content\/uploads\/2024\/04\/whatsapp.png","datePublished":"2025-09-16T09:28:00+00:00","dateModified":"2025-09-16T09:28:45+00:00","description":"Visitez notre page de contact pour trouver toutes les informations dont vous avez besoin pour entrer en contact avec notre \u00e9quipe. Nous sommes l\u00e0 pour vous aider !","breadcrumb":{"@id":"https:\/\/www.naratiezzi.it\/fr\/contactez-nous-copie\/#breadcrumb"},"inLanguage":"fr-FR","potentialAction":[{"@type":"ReadAction","target":["https:\/\/www.naratiezzi.it\/fr\/contactez-nous-copie\/"]}]},{"@type":"ImageObject","inLanguage":"fr-FR","@id":"https:\/\/www.naratiezzi.it\/fr\/contactez-nous-copie\/#primaryimage","url":"https:\/\/www.naratiezzi.it\/nt\/wp-content\/uploads\/2024\/04\/whatsapp.png","contentUrl":"https:\/\/www.naratiezzi.it\/nt\/wp-content\/uploads\/2024\/04\/whatsapp.png"},{"@type":"BreadcrumbList","@id":"https:\/\/www.naratiezzi.it\/fr\/contactez-nous-copie\/#breadcrumb","itemListElement":[{"@type":"ListItem","position":1,"name":"Home","item":"https:\/\/www.naratiezzi.it\/fr\/"},{"@type":"ListItem","position":2,"name":"Contactez-nous Copie"}]},{"@type":"WebSite","@id":"https:\/\/www.naratiezzi.it\/fr\/#website","url":"https:\/\/www.naratiezzi.it\/fr\/","name":"NaraTiezzi","description":"Sito ufficiale NaraTiezzi","alternateName":"NaraTiezzi eyewear","potentialAction":[{"@type":"SearchAction","target":{"@type":"EntryPoint","urlTemplate":"https:\/\/www.naratiezzi.it\/fr\/?s={search_term_string}"},"query-input":{"@type":"PropertyValueSpecification","valueRequired":true,"valueName":"search_term_string"}}],"inLanguage":"fr-FR"}]}},"_links":{"self":[{"href":"https:\/\/www.naratiezzi.it\/fr\/wp-json\/wp\/v2\/pages\/1561","targetHints":{"allow":["GET"]}}],"collection":[{"href":"https:\/\/www.naratiezzi.it\/fr\/wp-json\/wp\/v2\/pages"}],"about":[{"href":"https:\/\/www.naratiezzi.it\/fr\/wp-json\/wp\/v2\/types\/page"}],"author":[{"embeddable":true,"href":"https:\/\/www.naratiezzi.it\/fr\/wp-json\/wp\/v2\/users\/1"}],"replies":[{"embeddable":true,"href":"https:\/\/www.naratiezzi.it\/fr\/wp-json\/wp\/v2\/comments?post=1561"}],"version-history":[{"count":0,"href":"https:\/\/www.naratiezzi.it\/fr\/wp-json\/wp\/v2\/pages\/1561\/revisions"}],"wp:attachment":[{"href":"https:\/\/www.naratiezzi.it\/fr\/wp-json\/wp\/v2\/media?parent=1561"}],"curies":[{"name":"wp","href":"https:\/\/api.w.org\/{rel}","templated":true}]}}