{"id":1186,"date":"2024-04-02T15:06:41","date_gmt":"2024-04-02T13:06:41","guid":{"rendered":"https:\/\/www.naratiezzi.it\/histoire-de-la-marque\/"},"modified":"2025-04-12T19:01:49","modified_gmt":"2025-04-12T17:01:49","slug":"histoire-de-la-marque","status":"publish","type":"page","link":"https:\/\/www.naratiezzi.it\/fr\/histoire-de-la-marque\/","title":{"rendered":"Histoire de la marque"},"content":{"rendered":"<!--themify_builder_content-->\n<div id=\"themify_builder_content-1186\" data-postid=\"1186\" class=\"themify_builder_content themify_builder_content-1186 themify_builder tf_clear\">\n                    <div  data-lazy=\"1\" class=\"module_row themify_builder_row tb_v5tu008 tb_first tf_w\">\n            <span  class=\"builder_row_cover tf_abs\" data-lazy=\"1\"><\/span>            <div class=\"row_inner col_align_top tb_col_count_1 tf_box tf_rel\">\n                        <div  data-lazy=\"1\" class=\"module_column tb-column col-full tb_lgd6000 first\">\n                            <\/div>\n                        <\/div>\n        <\/div>\n                        <div  data-lazy=\"1\" class=\"module_row themify_builder_row tb_pixs000 tf_w\">\n                        <div class=\"row_inner col_align_top tb_col_count_3 tf_box tf_rel\">\n                        <div  data-lazy=\"1\" class=\"module_column tb-column col3-1 tb_m6hm099 first\">\n                            <\/div>\n                    <div  data-lazy=\"1\" class=\"module_column tb-column col3-1 tb_1qcx588\">\n                    <!-- module text -->\n<div  class=\"module module-text tb_qop0001   \" data-lazy=\"1\">\n        <div  class=\"tb_text_wrap\">\n        <h1>Histoire<\/h1>    <\/div>\n<\/div>\n<!-- \/module text -->        <\/div>\n                    <div  data-lazy=\"1\" class=\"module_column tb-column col3-1 tb_wix5830 last\">\n                            <\/div>\n                        <\/div>\n        <\/div>\n                        <div  data-lazy=\"1\" class=\"module_row themify_builder_row tb_5tha000 tf_w\">\n                        <div class=\"row_inner col_align_top tb_col_count_2 tf_box tf_rel\">\n                        <div  data-lazy=\"1\" class=\"module_column tb-column col4-2 tb_htm5000 first\">\n                    <!-- module text -->\n<div  class=\"module module-text tb_0bxo007   \" data-lazy=\"1\">\n        <div  class=\"tb_text_wrap\">\n        <h1>naratiezzi<\/h1>    <\/div>\n<\/div>\n<!-- \/module text --><!-- module text -->\n<div  class=\"module module-text tb_eywl080   \" data-lazy=\"1\">\n        <div  class=\"tb_text_wrap\">\n        <p>Contemporain avec AMOUR<\/p>    <\/div>\n<\/div>\n<!-- \/module text --><!-- module text -->\n<div  class=\"module module-text tb_wpc3000   \" data-lazy=\"1\">\n        <div  class=\"tb_text_wrap\">\n        <p>Fond\u00e9e et dirig\u00e9e de mani\u00e8re cr\u00e9ative, Nara Tiezzi est une marque intemporelle, simple et sophistiqu\u00e9e pour les femmes modernes, sans \u00e2ge et sans fronti\u00e8res, o\u00f9 le minimalisme occupe le devant de la sc\u00e8ne avec des mat\u00e9riaux de qualit\u00e9, des formes douces et des d\u00e9tails raffin\u00e9s.<\/p><p>Inspir\u00e9e par la diversit\u00e9 des exp\u00e9riences de vie, elle a ressenti le besoin de cr\u00e9er une marque \u00e0 la fois polyvalente et intemporelle pour les femmes \u00e9l\u00e9gantes et intelligentes de tous \u00e2ges et de tous horizons : des <strong>femmes qui con\u00e7oivent leur propre vie<\/strong>.<\/p><p>Incarnant son go\u00fbt pour le style, Nara Tiezzi con\u00e7oit ses produits avec une touche de glamour, de classicisme, de modernit\u00e9 et de simplicit\u00e9, enrichie d&rsquo;une note de personnalit\u00e9 distinctive.<\/p>    <\/div>\n<\/div>\n<!-- \/module text -->        <\/div>\n                    <div  data-lazy=\"1\" class=\"module_column tb-column col4-2 tb_85d8860 last\">\n                    <!-- module image -->\n<div  class=\"module module-image tb_s9yn200 image-top   auto_fullwidth tf_mw\" data-lazy=\"1\" data-parallax-element-speed=\"1\" data-lax-translate-y=\"vh 1,0 -70\" data-lax=\"true\">\n        <div class=\"image-wrap tf_rel tf_mw\">\n            <img loading=\"lazy\" decoding=\"async\" src=\"https:\/\/www.naratiezzi.it\/nt\/wp-content\/uploads\/2024\/04\/DSC_1594-1-512x667.jpg\" width=\"512\" height=\"667\" class=\"wp-post-image wp-image-1030\" title=\"DSC_1594\" alt=\"DSC_1594\" srcset=\"https:\/\/www.naratiezzi.it\/nt\/wp-content\/uploads\/2024\/04\/DSC_1594-1.jpg 512w, https:\/\/www.naratiezzi.it\/nt\/wp-content\/uploads\/2024\/04\/DSC_1594-1-230x300.jpg 230w\" sizes=\"auto, (max-width: 512px) 100vw, 512px\" \/>    \n        <\/div>\n    <!-- \/image-wrap -->\n    \n        <\/div>\n<!-- \/module image -->        <\/div>\n                        <\/div>\n        <\/div>\n                        <div  data-lazy=\"1\" class=\"module_row themify_builder_row tb_vyp2404 tf_w\">\n                        <div class=\"row_inner col_align_middle gutter-none tb_col_count_2 tf_box tf_rel\">\n                        <div  data-lazy=\"1\" class=\"module_column tb-column col3-2 tb_l830686 first\">\n                    <!-- module image -->\n<div  class=\"module module-image tb_r28e666 image-top   auto_fullwidth tf_mw\" data-lazy=\"1\">\n        <div class=\"image-wrap tf_rel tf_mw\">\n            <img loading=\"lazy\" decoding=\"async\" src=\"https:\/\/www.naratiezzi.it\/nt\/wp-content\/uploads\/2024\/04\/IMG_250045-828x560.jpg\" width=\"828\" height=\"560\" class=\"wp-post-image wp-image-1024\" title=\"IMG_250045\" alt=\"IMG_250045\" srcset=\"https:\/\/www.naratiezzi.it\/nt\/wp-content\/uploads\/2024\/04\/IMG_250045.jpg 828w, https:\/\/www.naratiezzi.it\/nt\/wp-content\/uploads\/2024\/04\/IMG_250045-300x203.jpg 300w, https:\/\/www.naratiezzi.it\/nt\/wp-content\/uploads\/2024\/04\/IMG_250045-768x519.jpg 768w\" sizes=\"auto, (max-width: 828px) 100vw, 828px\" \/>    \n        <\/div>\n    <!-- \/image-wrap -->\n    \n        <\/div>\n<!-- \/module image -->        <\/div>\n                    <div  data-lazy=\"1\" class=\"module_column tb-column col3-1 tb_n6q0886 last\">\n                    <!-- module text -->\n<div  class=\"module module-text tb_my40000   \" data-lazy=\"1\" data-parallax-element-speed=\"1\" data-lax-translate-y=\"vh 1,0 -70\" data-lax=\"true\">\n        <div  class=\"tb_text_wrap\">\n        <h1>La mode et la Renaissance<\/h1><p><em><strong>Le charme raffin\u00e9 des origines.<\/strong><\/em><\/p><p>On pourrait croire que tout a commenc\u00e9 par un simple d\u00e9sir de cr\u00e9er une paire de lunettes, mais la v\u00e9rit\u00e9 est que j&rsquo;ai toujours voulu qu&rsquo;elle soit un hommage \u00e0 la terre toscane !<\/p><p>Une terre d&rsquo;artisans, de personnes cr\u00e9atives et ing\u00e9nieuses, capables de cr\u00e9er des \u0153uvres extraordinaires de leurs propres mains. Ici, o\u00f9 sont n\u00e9s tant de g\u00e9nies artistiques, le travail dans les ateliers repr\u00e9sente le c\u0153ur battant de l&rsquo;artisanat toscan, o\u00f9 de grands talents ont affin\u00e9 leur art. <\/p><p>Une \u00e9nergie vibrante, des couleurs vives et une fusion de personnalit\u00e9s et de styles donnent \u00e0 la Toscane son caract\u00e8re unique et son \u00e2me vivante. Depuis le premier jour, c&rsquo;est ma v\u00e9ritable vision : rendre hommage \u00e0 cette terre extraordinaire \u00e0 travers chaque d\u00e9tail de mes cr\u00e9ations. <\/p>    <\/div>\n<\/div>\n<!-- \/module text -->        <\/div>\n                        <\/div>\n        <\/div>\n        <\/div>\n<!--\/themify_builder_content-->","protected":false},"excerpt":{"rendered":"<p>Histoire naratiezzi Contemporain avec AMOUR Fond\u00e9e et dirig\u00e9e de mani\u00e8re cr\u00e9ative, Nara Tiezzi est une marque intemporelle, simple et sophistiqu\u00e9e pour les femmes modernes, sans \u00e2ge et sans fronti\u00e8res, o\u00f9 le minimalisme occupe le devant de la sc\u00e8ne avec des mat\u00e9riaux de qualit\u00e9, des formes douces et des d\u00e9tails raffin\u00e9s. Inspir\u00e9e par la diversit\u00e9 des [&hellip;]<\/p>\n","protected":false},"author":1,"featured_media":0,"parent":0,"menu_order":0,"comment_status":"closed","ping_status":"closed","template":"","meta":{"footnotes":""},"class_list":["post-1186","page","type-page","status-publish","hentry","has-post-title","has-post-date","has-post-category","has-post-tag","has-post-comment","has-post-author",""],"yoast_head":"<!-- This site is optimized with the Yoast SEO plugin v27.3 - https:\/\/yoast.com\/product\/yoast-seo-wordpress\/ -->\n<title>Histoire de la marque -<\/title>\n<meta name=\"description\" content=\"D\u00e9couvrez notre passion pour la mode chez NaraTiezzi : inspiration et design innovant caract\u00e9risent nos lunettes de vue et de soleil.\" \/>\n<meta name=\"robots\" content=\"index, follow, max-snippet:-1, max-image-preview:large, max-video-preview:-1\" \/>\n<link rel=\"canonical\" href=\"https:\/\/www.naratiezzi.it\/fr\/histoire-de-la-marque\/\" \/>\n<meta property=\"og:locale\" content=\"fr_FR\" \/>\n<meta property=\"og:type\" content=\"article\" \/>\n<meta property=\"og:title\" content=\"Histoire de la marque -\" \/>\n<meta property=\"og:description\" content=\"D\u00e9couvrez notre passion pour la mode chez NaraTiezzi : inspiration et design innovant caract\u00e9risent nos lunettes de vue et de soleil.\" \/>\n<meta property=\"og:url\" content=\"https:\/\/www.naratiezzi.it\/fr\/histoire-de-la-marque\/\" \/>\n<meta property=\"article:publisher\" content=\"https:\/\/www.facebook.com\/NaraTiezzieyewear\" \/>\n<meta property=\"article:modified_time\" content=\"2025-04-12T17:01:49+00:00\" \/>\n<meta property=\"og:image\" content=\"https:\/\/www.naratiezzi.it\/nt\/wp-content\/uploads\/2024\/04\/DSC_1594-1.jpg\" \/>\n\t<meta property=\"og:image:width\" content=\"512\" \/>\n\t<meta property=\"og:image:height\" content=\"667\" \/>\n\t<meta property=\"og:image:type\" content=\"image\/jpeg\" \/>\n<meta name=\"twitter:card\" content=\"summary_large_image\" \/>\n<meta name=\"twitter:label1\" content=\"Dur\u00e9e de lecture estim\u00e9e\" \/>\n\t<meta name=\"twitter:data1\" content=\"1 minute\" \/>\n<script type=\"application\/ld+json\" class=\"yoast-schema-graph\">{\"@context\":\"https:\\\/\\\/schema.org\",\"@graph\":[{\"@type\":\"WebPage\",\"@id\":\"https:\\\/\\\/www.naratiezzi.it\\\/fr\\\/histoire-de-la-marque\\\/\",\"url\":\"https:\\\/\\\/www.naratiezzi.it\\\/fr\\\/histoire-de-la-marque\\\/\",\"name\":\"Histoire de la marque -\",\"isPartOf\":{\"@id\":\"https:\\\/\\\/www.naratiezzi.it\\\/fr\\\/#website\"},\"primaryImageOfPage\":{\"@id\":\"https:\\\/\\\/www.naratiezzi.it\\\/fr\\\/histoire-de-la-marque\\\/#primaryimage\"},\"image\":{\"@id\":\"https:\\\/\\\/www.naratiezzi.it\\\/fr\\\/histoire-de-la-marque\\\/#primaryimage\"},\"thumbnailUrl\":\"https:\\\/\\\/www.naratiezzi.it\\\/nt\\\/wp-content\\\/uploads\\\/2024\\\/04\\\/DSC_1594-1-512x667.jpg\",\"datePublished\":\"2024-04-02T13:06:41+00:00\",\"dateModified\":\"2025-04-12T17:01:49+00:00\",\"description\":\"D\u00e9couvrez notre passion pour la mode chez NaraTiezzi : inspiration et design innovant caract\u00e9risent nos lunettes de vue et de soleil.\",\"breadcrumb\":{\"@id\":\"https:\\\/\\\/www.naratiezzi.it\\\/fr\\\/histoire-de-la-marque\\\/#breadcrumb\"},\"inLanguage\":\"fr-FR\",\"potentialAction\":[{\"@type\":\"ReadAction\",\"target\":[\"https:\\\/\\\/www.naratiezzi.it\\\/fr\\\/histoire-de-la-marque\\\/\"]}]},{\"@type\":\"ImageObject\",\"inLanguage\":\"fr-FR\",\"@id\":\"https:\\\/\\\/www.naratiezzi.it\\\/fr\\\/histoire-de-la-marque\\\/#primaryimage\",\"url\":\"https:\\\/\\\/www.naratiezzi.it\\\/nt\\\/wp-content\\\/uploads\\\/2024\\\/04\\\/DSC_1594-1-512x667.jpg\",\"contentUrl\":\"https:\\\/\\\/www.naratiezzi.it\\\/nt\\\/wp-content\\\/uploads\\\/2024\\\/04\\\/DSC_1594-1-512x667.jpg\"},{\"@type\":\"BreadcrumbList\",\"@id\":\"https:\\\/\\\/www.naratiezzi.it\\\/fr\\\/histoire-de-la-marque\\\/#breadcrumb\",\"itemListElement\":[{\"@type\":\"ListItem\",\"position\":1,\"name\":\"Home\",\"item\":\"https:\\\/\\\/www.naratiezzi.it\\\/fr\\\/\"},{\"@type\":\"ListItem\",\"position\":2,\"name\":\"Histoire de la marque\"}]},{\"@type\":\"WebSite\",\"@id\":\"https:\\\/\\\/www.naratiezzi.it\\\/fr\\\/#website\",\"url\":\"https:\\\/\\\/www.naratiezzi.it\\\/fr\\\/\",\"name\":\"NaraTiezzi\",\"description\":\"Sito ufficiale NaraTiezzi\",\"alternateName\":\"NaraTiezzi eyewear\",\"potentialAction\":[{\"@type\":\"SearchAction\",\"target\":{\"@type\":\"EntryPoint\",\"urlTemplate\":\"https:\\\/\\\/www.naratiezzi.it\\\/fr\\\/?s={search_term_string}\"},\"query-input\":{\"@type\":\"PropertyValueSpecification\",\"valueRequired\":true,\"valueName\":\"search_term_string\"}}],\"inLanguage\":\"fr-FR\"}]}<\/script>\n<!-- \/ Yoast SEO plugin. -->","yoast_head_json":{"title":"Histoire de la marque -","description":"D\u00e9couvrez notre passion pour la mode chez NaraTiezzi : inspiration et design innovant caract\u00e9risent nos lunettes de vue et de soleil.","robots":{"index":"index","follow":"follow","max-snippet":"max-snippet:-1","max-image-preview":"max-image-preview:large","max-video-preview":"max-video-preview:-1"},"canonical":"https:\/\/www.naratiezzi.it\/fr\/histoire-de-la-marque\/","og_locale":"fr_FR","og_type":"article","og_title":"Histoire de la marque -","og_description":"D\u00e9couvrez notre passion pour la mode chez NaraTiezzi : inspiration et design innovant caract\u00e9risent nos lunettes de vue et de soleil.","og_url":"https:\/\/www.naratiezzi.it\/fr\/histoire-de-la-marque\/","article_publisher":"https:\/\/www.facebook.com\/NaraTiezzieyewear","article_modified_time":"2025-04-12T17:01:49+00:00","og_image":[{"width":512,"height":667,"url":"https:\/\/www.naratiezzi.it\/nt\/wp-content\/uploads\/2024\/04\/DSC_1594-1.jpg","type":"image\/jpeg"}],"twitter_card":"summary_large_image","twitter_misc":{"Dur\u00e9e de lecture estim\u00e9e":"1 minute"},"schema":{"@context":"https:\/\/schema.org","@graph":[{"@type":"WebPage","@id":"https:\/\/www.naratiezzi.it\/fr\/histoire-de-la-marque\/","url":"https:\/\/www.naratiezzi.it\/fr\/histoire-de-la-marque\/","name":"Histoire de la marque -","isPartOf":{"@id":"https:\/\/www.naratiezzi.it\/fr\/#website"},"primaryImageOfPage":{"@id":"https:\/\/www.naratiezzi.it\/fr\/histoire-de-la-marque\/#primaryimage"},"image":{"@id":"https:\/\/www.naratiezzi.it\/fr\/histoire-de-la-marque\/#primaryimage"},"thumbnailUrl":"https:\/\/www.naratiezzi.it\/nt\/wp-content\/uploads\/2024\/04\/DSC_1594-1-512x667.jpg","datePublished":"2024-04-02T13:06:41+00:00","dateModified":"2025-04-12T17:01:49+00:00","description":"D\u00e9couvrez notre passion pour la mode chez NaraTiezzi : inspiration et design innovant caract\u00e9risent nos lunettes de vue et de soleil.","breadcrumb":{"@id":"https:\/\/www.naratiezzi.it\/fr\/histoire-de-la-marque\/#breadcrumb"},"inLanguage":"fr-FR","potentialAction":[{"@type":"ReadAction","target":["https:\/\/www.naratiezzi.it\/fr\/histoire-de-la-marque\/"]}]},{"@type":"ImageObject","inLanguage":"fr-FR","@id":"https:\/\/www.naratiezzi.it\/fr\/histoire-de-la-marque\/#primaryimage","url":"https:\/\/www.naratiezzi.it\/nt\/wp-content\/uploads\/2024\/04\/DSC_1594-1-512x667.jpg","contentUrl":"https:\/\/www.naratiezzi.it\/nt\/wp-content\/uploads\/2024\/04\/DSC_1594-1-512x667.jpg"},{"@type":"BreadcrumbList","@id":"https:\/\/www.naratiezzi.it\/fr\/histoire-de-la-marque\/#breadcrumb","itemListElement":[{"@type":"ListItem","position":1,"name":"Home","item":"https:\/\/www.naratiezzi.it\/fr\/"},{"@type":"ListItem","position":2,"name":"Histoire de la marque"}]},{"@type":"WebSite","@id":"https:\/\/www.naratiezzi.it\/fr\/#website","url":"https:\/\/www.naratiezzi.it\/fr\/","name":"NaraTiezzi","description":"Sito ufficiale NaraTiezzi","alternateName":"NaraTiezzi eyewear","potentialAction":[{"@type":"SearchAction","target":{"@type":"EntryPoint","urlTemplate":"https:\/\/www.naratiezzi.it\/fr\/?s={search_term_string}"},"query-input":{"@type":"PropertyValueSpecification","valueRequired":true,"valueName":"search_term_string"}}],"inLanguage":"fr-FR"}]}},"_links":{"self":[{"href":"https:\/\/www.naratiezzi.it\/fr\/wp-json\/wp\/v2\/pages\/1186","targetHints":{"allow":["GET"]}}],"collection":[{"href":"https:\/\/www.naratiezzi.it\/fr\/wp-json\/wp\/v2\/pages"}],"about":[{"href":"https:\/\/www.naratiezzi.it\/fr\/wp-json\/wp\/v2\/types\/page"}],"author":[{"embeddable":true,"href":"https:\/\/www.naratiezzi.it\/fr\/wp-json\/wp\/v2\/users\/1"}],"replies":[{"embeddable":true,"href":"https:\/\/www.naratiezzi.it\/fr\/wp-json\/wp\/v2\/comments?post=1186"}],"version-history":[{"count":0,"href":"https:\/\/www.naratiezzi.it\/fr\/wp-json\/wp\/v2\/pages\/1186\/revisions"}],"wp:attachment":[{"href":"https:\/\/www.naratiezzi.it\/fr\/wp-json\/wp\/v2\/media?parent=1186"}],"curies":[{"name":"wp","href":"https:\/\/api.w.org\/{rel}","templated":true}]}}