{"id":1164,"date":"2024-04-02T13:07:30","date_gmt":"2024-04-02T11:07:30","guid":{"rendered":"https:\/\/www.naratiezzi.it\/erreur-404\/"},"modified":"2025-04-12T19:01:48","modified_gmt":"2025-04-12T17:01:48","slug":"erreur-404","status":"publish","type":"page","link":"https:\/\/www.naratiezzi.it\/fr\/erreur-404\/","title":{"rendered":"Erreur 404"},"content":{"rendered":"<!--themify_builder_content-->\n<div id=\"themify_builder_content-1164\" data-postid=\"1164\" class=\"themify_builder_content themify_builder_content-1164 themify_builder tf_clear\">\n                    <div  data-css_id=\"6rug213\" data-lazy=\"1\" class=\"module_row themify_builder_row fullwidth tb_6rug213 tb_first tf_w\">\n                        <div class=\"row_inner col_align_top tb_col_count_1 tf_box tf_rel\">\n                        <div  data-lazy=\"1\" class=\"module_column tb-column col-full tb_5fg8213 first\">\n                    <!-- module text -->\n<div  class=\"module module-text tb_xb6f213   \" data-lazy=\"1\">\n        <div  class=\"tb_text_wrap\">\n        <h1 style=\"text-align: center;\"><span style=\"vertical-align: inherit;\"><span style=\"vertical-align: inherit;\"><span style=\"vertical-align: inherit;\"><span style=\"vertical-align: inherit;\">erreur 404<\/span><\/span><\/span><\/span><\/h1>    <\/div>\n<\/div>\n<!-- \/module text --><!-- module text -->\n<div  class=\"module module-text tb_1hhb214   \" data-lazy=\"1\">\n        <div  class=\"tb_text_wrap\">\n        <div class=\"error-page-component__title\" style=\"text-align: center;\" data-error-message=\"\">Page non trouv\u00e9e<\/div>    <\/div>\n<\/div>\n<!-- \/module text --><!-- module text -->\n<div  class=\"module module-text tb_epsj214   \" data-lazy=\"1\">\n        <div  class=\"tb_text_wrap\">\n        <div class=\"error-page-component__subtitle\" data-error-subtitle=\"\">D\u00e9sol\u00e9, nous n&rsquo;avons pas trouv\u00e9 la page que vous cherchiez.<br>Veuillez retourner \u00e0 notre page d&rsquo;accueil pour continuer \u00e0 naviguer sur notre site.<\/div>    <\/div>\n<\/div>\n<!-- \/module text --><!-- module buttons -->\n<div  class=\"module module-buttons tb_9mgk215 buttons-horizontal outline  large\" data-lazy=\"1\">\n        <div class=\"module-buttons-item tf_in_flx\">\n                        <a href=\"https:\/\/naratiezzi.it\" class=\"ui builder_button tf_in_flx black\" >\n                                                RETOUR                                        <\/a>\n                <\/div>\n            <\/div>\n<!-- \/module buttons -->\n<!-- module image -->\n<div  class=\"module module-image tb_bbxj215 image-top   tf_mw\" data-lazy=\"1\">\n        <div class=\"image-wrap tf_rel tf_mw\">\n            <img loading=\"lazy\" decoding=\"async\" width=\"600\" height=\"491\" src=\"https:\/\/www.naratiezzi.it\/nt\/wp-content\/uploads\/2024\/04\/flower-transparent2-small.png\" class=\"wp-post-image wp-image-645\" title=\"flower-transparent2-small\" alt=\"flower-transparent2-small\" srcset=\"https:\/\/www.naratiezzi.it\/nt\/wp-content\/uploads\/2024\/04\/flower-transparent2-small.png 600w, https:\/\/www.naratiezzi.it\/nt\/wp-content\/uploads\/2024\/04\/flower-transparent2-small-300x246.png 300w\" sizes=\"auto, (max-width: 600px) 100vw, 600px\" \/>    \n        <\/div>\n    <!-- \/image-wrap -->\n    \n        <\/div>\n<!-- \/module image -->        <\/div>\n                        <\/div>\n        <\/div>\n        <\/div>\n<!--\/themify_builder_content-->","protected":false},"excerpt":{"rendered":"<p>erreur 404 Page non trouv\u00e9e D\u00e9sol\u00e9, nous n&rsquo;avons pas trouv\u00e9 la page que vous cherchiez.Veuillez retourner \u00e0 notre page d&rsquo;accueil pour continuer \u00e0 naviguer sur notre site. RETOUR<\/p>\n","protected":false},"author":1,"featured_media":0,"parent":0,"menu_order":0,"comment_status":"closed","ping_status":"closed","template":"","meta":{"footnotes":""},"class_list":["post-1164","page","type-page","status-publish","hentry","has-post-title","has-post-date","has-post-category","has-post-tag","has-post-comment","has-post-author",""],"yoast_head":"<!-- This site is optimized with the Yoast SEO plugin v27.3 - https:\/\/yoast.com\/product\/yoast-seo-wordpress\/ -->\n<title>Erreur 404 -<\/title>\n<meta name=\"description\" content=\"Il semble que vous ayez atteint une page non trouv\u00e9e sur Naratiezzi. Nous vous prions de nous excuser pour ce d\u00e9sagr\u00e9ment.\" \/>\n<meta name=\"robots\" content=\"index, follow, max-snippet:-1, max-image-preview:large, max-video-preview:-1\" \/>\n<link rel=\"canonical\" href=\"https:\/\/www.naratiezzi.it\/fr\/erreur-404\/\" \/>\n<meta property=\"og:locale\" content=\"fr_FR\" \/>\n<meta property=\"og:type\" content=\"article\" \/>\n<meta property=\"og:title\" content=\"Erreur 404 -\" \/>\n<meta property=\"og:description\" content=\"Il semble que vous ayez atteint une page non trouv\u00e9e sur Naratiezzi. Nous vous prions de nous excuser pour ce d\u00e9sagr\u00e9ment.\" \/>\n<meta property=\"og:url\" content=\"https:\/\/www.naratiezzi.it\/fr\/erreur-404\/\" \/>\n<meta property=\"article:publisher\" content=\"https:\/\/www.facebook.com\/NaraTiezzieyewear\" \/>\n<meta property=\"article:modified_time\" content=\"2025-04-12T17:01:48+00:00\" \/>\n<meta property=\"og:image\" content=\"https:\/\/www.naratiezzi.it\/nt\/wp-content\/uploads\/2024\/04\/flower-transparent2-small.png\" \/>\n\t<meta property=\"og:image:width\" content=\"600\" \/>\n\t<meta property=\"og:image:height\" content=\"491\" \/>\n\t<meta property=\"og:image:type\" content=\"image\/png\" \/>\n<meta name=\"twitter:card\" content=\"summary_large_image\" \/>\n<script type=\"application\/ld+json\" class=\"yoast-schema-graph\">{\"@context\":\"https:\\\/\\\/schema.org\",\"@graph\":[{\"@type\":\"WebPage\",\"@id\":\"https:\\\/\\\/www.naratiezzi.it\\\/fr\\\/erreur-404\\\/\",\"url\":\"https:\\\/\\\/www.naratiezzi.it\\\/fr\\\/erreur-404\\\/\",\"name\":\"Erreur 404 -\",\"isPartOf\":{\"@id\":\"https:\\\/\\\/www.naratiezzi.it\\\/fr\\\/#website\"},\"primaryImageOfPage\":{\"@id\":\"https:\\\/\\\/www.naratiezzi.it\\\/fr\\\/erreur-404\\\/#primaryimage\"},\"image\":{\"@id\":\"https:\\\/\\\/www.naratiezzi.it\\\/fr\\\/erreur-404\\\/#primaryimage\"},\"thumbnailUrl\":\"https:\\\/\\\/www.naratiezzi.it\\\/nt\\\/wp-content\\\/uploads\\\/2024\\\/04\\\/flower-transparent2-small.png\",\"datePublished\":\"2024-04-02T11:07:30+00:00\",\"dateModified\":\"2025-04-12T17:01:48+00:00\",\"description\":\"Il semble que vous ayez atteint une page non trouv\u00e9e sur Naratiezzi. Nous vous prions de nous excuser pour ce d\u00e9sagr\u00e9ment.\",\"breadcrumb\":{\"@id\":\"https:\\\/\\\/www.naratiezzi.it\\\/fr\\\/erreur-404\\\/#breadcrumb\"},\"inLanguage\":\"fr-FR\",\"potentialAction\":[{\"@type\":\"ReadAction\",\"target\":[\"https:\\\/\\\/www.naratiezzi.it\\\/fr\\\/erreur-404\\\/\"]}]},{\"@type\":\"ImageObject\",\"inLanguage\":\"fr-FR\",\"@id\":\"https:\\\/\\\/www.naratiezzi.it\\\/fr\\\/erreur-404\\\/#primaryimage\",\"url\":\"https:\\\/\\\/www.naratiezzi.it\\\/nt\\\/wp-content\\\/uploads\\\/2024\\\/04\\\/flower-transparent2-small.png\",\"contentUrl\":\"https:\\\/\\\/www.naratiezzi.it\\\/nt\\\/wp-content\\\/uploads\\\/2024\\\/04\\\/flower-transparent2-small.png\"},{\"@type\":\"BreadcrumbList\",\"@id\":\"https:\\\/\\\/www.naratiezzi.it\\\/fr\\\/erreur-404\\\/#breadcrumb\",\"itemListElement\":[{\"@type\":\"ListItem\",\"position\":1,\"name\":\"Home\",\"item\":\"https:\\\/\\\/www.naratiezzi.it\\\/fr\\\/\"},{\"@type\":\"ListItem\",\"position\":2,\"name\":\"Erreur 404\"}]},{\"@type\":\"WebSite\",\"@id\":\"https:\\\/\\\/www.naratiezzi.it\\\/fr\\\/#website\",\"url\":\"https:\\\/\\\/www.naratiezzi.it\\\/fr\\\/\",\"name\":\"NaraTiezzi\",\"description\":\"Sito ufficiale NaraTiezzi\",\"alternateName\":\"NaraTiezzi eyewear\",\"potentialAction\":[{\"@type\":\"SearchAction\",\"target\":{\"@type\":\"EntryPoint\",\"urlTemplate\":\"https:\\\/\\\/www.naratiezzi.it\\\/fr\\\/?s={search_term_string}\"},\"query-input\":{\"@type\":\"PropertyValueSpecification\",\"valueRequired\":true,\"valueName\":\"search_term_string\"}}],\"inLanguage\":\"fr-FR\"}]}<\/script>\n<!-- \/ Yoast SEO plugin. -->","yoast_head_json":{"title":"Erreur 404 -","description":"Il semble que vous ayez atteint une page non trouv\u00e9e sur Naratiezzi. Nous vous prions de nous excuser pour ce d\u00e9sagr\u00e9ment.","robots":{"index":"index","follow":"follow","max-snippet":"max-snippet:-1","max-image-preview":"max-image-preview:large","max-video-preview":"max-video-preview:-1"},"canonical":"https:\/\/www.naratiezzi.it\/fr\/erreur-404\/","og_locale":"fr_FR","og_type":"article","og_title":"Erreur 404 -","og_description":"Il semble que vous ayez atteint une page non trouv\u00e9e sur Naratiezzi. Nous vous prions de nous excuser pour ce d\u00e9sagr\u00e9ment.","og_url":"https:\/\/www.naratiezzi.it\/fr\/erreur-404\/","article_publisher":"https:\/\/www.facebook.com\/NaraTiezzieyewear","article_modified_time":"2025-04-12T17:01:48+00:00","og_image":[{"width":600,"height":491,"url":"https:\/\/www.naratiezzi.it\/nt\/wp-content\/uploads\/2024\/04\/flower-transparent2-small.png","type":"image\/png"}],"twitter_card":"summary_large_image","schema":{"@context":"https:\/\/schema.org","@graph":[{"@type":"WebPage","@id":"https:\/\/www.naratiezzi.it\/fr\/erreur-404\/","url":"https:\/\/www.naratiezzi.it\/fr\/erreur-404\/","name":"Erreur 404 -","isPartOf":{"@id":"https:\/\/www.naratiezzi.it\/fr\/#website"},"primaryImageOfPage":{"@id":"https:\/\/www.naratiezzi.it\/fr\/erreur-404\/#primaryimage"},"image":{"@id":"https:\/\/www.naratiezzi.it\/fr\/erreur-404\/#primaryimage"},"thumbnailUrl":"https:\/\/www.naratiezzi.it\/nt\/wp-content\/uploads\/2024\/04\/flower-transparent2-small.png","datePublished":"2024-04-02T11:07:30+00:00","dateModified":"2025-04-12T17:01:48+00:00","description":"Il semble que vous ayez atteint une page non trouv\u00e9e sur Naratiezzi. Nous vous prions de nous excuser pour ce d\u00e9sagr\u00e9ment.","breadcrumb":{"@id":"https:\/\/www.naratiezzi.it\/fr\/erreur-404\/#breadcrumb"},"inLanguage":"fr-FR","potentialAction":[{"@type":"ReadAction","target":["https:\/\/www.naratiezzi.it\/fr\/erreur-404\/"]}]},{"@type":"ImageObject","inLanguage":"fr-FR","@id":"https:\/\/www.naratiezzi.it\/fr\/erreur-404\/#primaryimage","url":"https:\/\/www.naratiezzi.it\/nt\/wp-content\/uploads\/2024\/04\/flower-transparent2-small.png","contentUrl":"https:\/\/www.naratiezzi.it\/nt\/wp-content\/uploads\/2024\/04\/flower-transparent2-small.png"},{"@type":"BreadcrumbList","@id":"https:\/\/www.naratiezzi.it\/fr\/erreur-404\/#breadcrumb","itemListElement":[{"@type":"ListItem","position":1,"name":"Home","item":"https:\/\/www.naratiezzi.it\/fr\/"},{"@type":"ListItem","position":2,"name":"Erreur 404"}]},{"@type":"WebSite","@id":"https:\/\/www.naratiezzi.it\/fr\/#website","url":"https:\/\/www.naratiezzi.it\/fr\/","name":"NaraTiezzi","description":"Sito ufficiale NaraTiezzi","alternateName":"NaraTiezzi eyewear","potentialAction":[{"@type":"SearchAction","target":{"@type":"EntryPoint","urlTemplate":"https:\/\/www.naratiezzi.it\/fr\/?s={search_term_string}"},"query-input":{"@type":"PropertyValueSpecification","valueRequired":true,"valueName":"search_term_string"}}],"inLanguage":"fr-FR"}]}},"_links":{"self":[{"href":"https:\/\/www.naratiezzi.it\/fr\/wp-json\/wp\/v2\/pages\/1164","targetHints":{"allow":["GET"]}}],"collection":[{"href":"https:\/\/www.naratiezzi.it\/fr\/wp-json\/wp\/v2\/pages"}],"about":[{"href":"https:\/\/www.naratiezzi.it\/fr\/wp-json\/wp\/v2\/types\/page"}],"author":[{"embeddable":true,"href":"https:\/\/www.naratiezzi.it\/fr\/wp-json\/wp\/v2\/users\/1"}],"replies":[{"embeddable":true,"href":"https:\/\/www.naratiezzi.it\/fr\/wp-json\/wp\/v2\/comments?post=1164"}],"version-history":[{"count":0,"href":"https:\/\/www.naratiezzi.it\/fr\/wp-json\/wp\/v2\/pages\/1164\/revisions"}],"wp:attachment":[{"href":"https:\/\/www.naratiezzi.it\/fr\/wp-json\/wp\/v2\/media?parent=1164"}],"curies":[{"name":"wp","href":"https:\/\/api.w.org\/{rel}","templated":true}]}}