{"id":1185,"date":"2024-04-02T18:00:23","date_gmt":"2024-04-02T16:00:23","guid":{"rendered":"https:\/\/www.naratiezzi.it\/contacta-con-nosotros\/"},"modified":"2025-09-16T11:31:26","modified_gmt":"2025-09-16T09:31:26","slug":"contacta-con-nosotros","status":"publish","type":"page","link":"https:\/\/www.naratiezzi.it\/es\/contacta-con-nosotros\/","title":{"rendered":"Contacta con nosotros"},"content":{"rendered":"<!--themify_builder_content-->\n<div id=\"themify_builder_content-1185\" data-postid=\"1185\" class=\"themify_builder_content themify_builder_content-1185 themify_builder tf_clear\">\n                    <div  data-lazy=\"1\" class=\"module_row themify_builder_row tb_03nh672 tb_first tf_w\">\n            <span  class=\"builder_row_cover tf_abs\" data-lazy=\"1\"><\/span>            <div class=\"row_inner col_align_top tb_col_count_1 tf_box tf_rel\">\n                        <div  data-lazy=\"1\" class=\"module_column tb-column col-full tb_waj7680 first\">\n                            <\/div>\n                        <\/div>\n        <\/div>\n                        <div  data-lazy=\"1\" class=\"module_row themify_builder_row tb_hy0a673 tf_w\">\n                        <div class=\"row_inner col_align_top tb_col_count_3 tf_box tf_rel\">\n                        <div  data-lazy=\"1\" class=\"module_column tb-column col3-1 tb_dxju684 first\">\n                            <\/div>\n                    <div  data-lazy=\"1\" class=\"module_column tb-column col3-1 tb_pzd4685\">\n                    <!-- module text -->\n<div  class=\"module module-text tb_st1g685   \" data-lazy=\"1\">\n        <div  class=\"tb_text_wrap\">\n        <h1>Contacta con nosotros<\/h1>    <\/div>\n<\/div>\n<!-- \/module text -->        <\/div>\n                    <div  data-lazy=\"1\" class=\"module_column tb-column col3-1 tb_d3p0686 last\">\n                            <\/div>\n                        <\/div>\n        <\/div>\n                        <div  data-lazy=\"1\" class=\"module_row themify_builder_row tb_qqyv673 tf_w\">\n                        <div class=\"row_inner col_align_top tb_col_count_2 tf_box tf_rel\">\n                        <div  data-lazy=\"1\" class=\"module_column tb-column col3-1 tb_lu70687 first\">\n                    <!-- module text -->\n<div  class=\"module module-text tb_nhlr687   \" data-lazy=\"1\">\n        <div  class=\"tb_text_wrap\">\n            <\/div>\n<\/div>\n<!-- \/module text --><!-- module text -->\n<div  class=\"module module-text tb_8iu2688   \" data-lazy=\"1\">\n        <div  class=\"tb_text_wrap\">\n        <h3>Conectarse a WhatsApp<\/h3><p>Escanea el c\u00f3digo QR con tu smartphone para conectar con nuestro Servicio de Atenci\u00f3n al Cliente a trav\u00e9s del tel\u00e9fono m\u00f3vil.  <a href=\"https:\/\/wa.me\/message\/XT5OKQ5GX5MUG1\" target=\"_blank\" rel=\"noopener\"><img loading=\"lazy\" decoding=\"async\" class=\"aligncenter\" src=\"https:\/\/www.naratiezzi.it\/nt\/wp-content\/uploads\/2024\/04\/whatsapp.png\" alt=\"null\" width=\"152\" height=\"151\"><\/a><\/p>    <\/div>\n<\/div>\n<!-- \/module text -->        <\/div>\n                    <div  data-lazy=\"1\" class=\"module_column tb-column col3-2 tb_gdy9688 last\">\n                    <!-- module text -->\n<div  class=\"module module-text tb_1xpz688   \" data-lazy=\"1\">\n        <div  class=\"tb_text_wrap\">\n        <p>Estamos a tu disposici\u00f3n para cualquier informaci\u00f3n que necesites.<br>Rellena los campos, nos pondremos en contacto contigo en 24 horas.<\/p>    <\/div>\n<\/div>\n<!-- \/module text --><!-- module contact -->\n<div  id=\"tb_jctb688\" class=\"module module-contact tb_jctb688 contact-style2 \" data-lazy=\"1\">\n    \n\t<form class=\"builder-contact\"\n\t\tid=\"tb_jctb688-form\"\n\t\tmethod=\"post\"\n\t\tdata-post-id=\"1185\"\n\t\tdata-element-id=\"jctb688\"\n\t\tdata-orig-id=\"1185\"\n\t>\n    <div class=\"contact-message\"><\/div>\n\t<input type=\"hidden\" id=\"bc_nonce\" name=\"bc_nonce\" value=\"d64f33f568\" \/><input type=\"hidden\" name=\"_wp_http_referer\" value=\"\/es\/wp-json\/wp\/v2\/pages\/1185\" \/>\t<div class=\"builder-contact-fields tf_rel\">\n\t\t    \t\t    <div class=\"builder-contact-field builder-contact-field-name builder-contact-text-field\">\n\t\t\t    <label class=\"control-label\" for=\"tb_jctb688-contact-name\">\n\t\t\t\t\t\t\t\t\t\t<span class=\"tb-label-span\">Tu nombre <\/span><span class=\"required\">*<\/span>\t\t\t\t<\/label>\n\t\t\t    <div class=\"control-input tf_rel\">\n\t\t\t\t    \t\t\t\t\t    <input type=\"text\" name=\"contact-name\" placeholder=\"\" id=\"tb_jctb688-contact-name\" value=\"\" class=\"form-control\" required>\n\t\t\t\t    \t\t\t\t    \t\t\t    <\/div>\n\t\t<\/div>\n\t    \n\t\t    \t\t    <div class=\"builder-contact-field builder-contact-field-email builder-contact-text-field\">\n\t\t\t    <label class=\"control-label\" for=\"tb_jctb688-contact-email\">\n\t\t\t\t\t\t\t\t\t\t<span class=\"tb-label-span\">Tu correo electr\u00f3nico <\/span><span class=\"required\">*<\/span>\t\t\t\t<\/label>\n\t\t\t    <div class=\"control-input tf_rel\">\n\t\t\t\t    \t\t\t\t\t    <input type=\"email\" name=\"contact-email\" placeholder=\"\" id=\"tb_jctb688-contact-email\" value=\"\" class=\"form-control\" required>\n\t\t\t\t    \t\t\t\t    \t\t\t    <\/div>\n\t\t<\/div>\n\t    \n\t\t    \t\t    <div class=\"builder-contact-field builder-contact-field-subject builder-contact-text-field\">\n\t\t\t    <label class=\"control-label\" for=\"tb_jctb688-contact-subject\">\n\t\t\t\t\t\t\t\t\t\t<span class=\"tb-label-span\">Objeto <\/span><span class=\"required\">*<\/span>\t\t\t\t<\/label>\n\t\t\t    <div class=\"control-input tf_rel\">\n\t\t\t\t    \t\t\t\t\t    <input type=\"text\" name=\"contact-subject\" placeholder=\"\" id=\"tb_jctb688-contact-subject\" value=\"\" class=\"form-control\" required>\n\t\t\t\t    \t\t\t\t    \t\t\t    <\/div>\n\t\t<\/div>\n\t    \n\t\t    \t\t    <div class=\"builder-contact-field builder-contact-field-message builder-contact-textarea-field\">\n\t\t\t    <label class=\"control-label\" for=\"tb_jctb688-contact-message\">\n\t\t\t\t\t\t\t\t\t\t<span class=\"tb-label-span\">Mensaje <\/span>\t\t\t\t<\/label>\n\t\t\t    <div class=\"control-input tf_rel\">\n\t\t\t\t    \t\t\t\t\t    <textarea name=\"contact-message\" placeholder=\"\" id=\"tb_jctb688-contact-message\" class=\"form-control\"><\/textarea>\n\t\t\t\t    \t\t\t\t    \t\t\t    <\/div>\n\t\t<\/div>\n\t    \n\t\t    \t\t<div class=\"builder-contact-field builder-contact-field-sendcopy\">\n\t\t    <div class=\"control-label\">\n\t\t\t\t<div class=\"control-input tf_rel\">\n\t\t\t\t\t<label class=\"send-copy\">\n\t\t\t\t\t\t<input type=\"checkbox\" name=\"contact-sendcopy\" id=\"tb_jctb688-sendcopy\" value=\"1\">\n\t\t\t\t\t\t<span>Enviar copia<\/span>\n\t\t\t\t\t<\/label>\n\t\t\t\t<\/div>\n\t\t    <\/div>\n\t\t<\/div>\n\t    \t\t\n\t\t\t\t\t<div class=\"builder-contact-field builder-contact-field-gdpr\">\n\t\t\t\t<div class=\"control-label\">\n\t\t\t\t\t<div class=\"control-input tf_rel\">\n\t\t\t\t\t\t<label class=\"field-gdpr\">\n\t\t\t\t\t\t\t<input type=\"checkbox\" name=\"gdpr\" value=\"1\" required>\n\t\t\t\t\t\t\t<span>Al enviar este formulario, confirmas que has le\u00eddo y comprendido la Pol\u00edtica de <a href=\"https:\/\/www.naratiezzi.it\/privacy-policy\/\" target=\"_blank\">privacidad<\/a> y reconoces que tus datos personales se utilizar\u00e1n para responder y procesar tu solicitud.<\/span>\n\t\t\t\t\t\t\t<span class=\"required\">*<\/span>\n\t\t\t\t\t\t<\/label>\n\t\t\t\t\t<\/div>\n\t\t\t\t<\/div>\n\t\t\t<\/div>\n\t\t\n\t    \t\t\t<div class=\"builder-contact-field builder-contact-field-captcha\">\n\n\t\t\t\t\t\t\t\t\t<label class=\"control-label\">\n\t\t\t\t\t\t<span><\/span>\n\t\t\t\t\t\t<span class=\"required\">*<\/span>\n\t\t\t\t\t<\/label>\n\t\t\t\t\n\t\t\t\t<div class=\"control-input tf_rel\">\n                    <div class=\"themify_captcha_field g-recaptcha\" data-sitekey=\"6LdTvrspAAAAADIdfKp9g09sCesNlzcsc6QFXh1z\" data-ver=\"v2\"><\/div>\t\t\t\t<\/div>\n\n\t\t\t<\/div><!-- .builder-contact-field-captcha -->\n\t    \n\t    <div class=\"builder-contact-field builder-contact-field-send control-input tf_textl tf_clear tf_rel\">\n\t\t\t<button type=\"submit\" class=\"btn btn-primary\">\n\t\t\t\t<span class=\"tf_loader\"><\/span>\t\t\t\t<span class=\"tf_submit_icon\"><\/span> \n\t\t\t\tEnv\u00eda\t\t\t<\/button>\n\t    <\/div>\n\t<\/div>\n    <\/form>\n    <\/div>\n<!-- \/module contact -->\n        <\/div>\n                        <\/div>\n        <\/div>\n        <\/div>\n<!--\/themify_builder_content-->","protected":false},"excerpt":{"rendered":"<p>Contacta con nosotros Conectarse a WhatsApp Escanea el c\u00f3digo QR con tu smartphone para conectar con nuestro Servicio de Atenci\u00f3n al Cliente a trav\u00e9s del tel\u00e9fono m\u00f3vil. Estamos a tu disposici\u00f3n para cualquier informaci\u00f3n que necesites.Rellena los campos, nos pondremos en contacto contigo en 24 horas. Tu nombre * Tu correo electr\u00f3nico * Objeto * [&hellip;]<\/p>\n","protected":false},"author":1,"featured_media":0,"parent":0,"menu_order":0,"comment_status":"closed","ping_status":"closed","template":"","meta":{"footnotes":""},"class_list":["post-1185","page","type-page","status-publish","hentry","has-post-title","has-post-date","has-post-category","has-post-tag","has-post-comment","has-post-author",""],"yoast_head":"<!-- This site is optimized with the Yoast SEO plugin v27.5 - https:\/\/yoast.com\/product\/yoast-seo-wordpress\/ -->\n<title>Contacta con nosotros -<\/title>\n<meta name=\"description\" content=\"Visita nuestra p\u00e1gina de contacto para encontrar toda la informaci\u00f3n que necesitas para ponerte en contacto con nuestro equipo. \u00a1Estamos aqu\u00ed para ayudarte!\" \/>\n<meta name=\"robots\" content=\"index, follow, max-snippet:-1, max-image-preview:large, max-video-preview:-1\" \/>\n<link rel=\"canonical\" href=\"https:\/\/www.naratiezzi.it\/es\/contacta-con-nosotros\/\" \/>\n<meta property=\"og:locale\" content=\"es_ES\" \/>\n<meta property=\"og:type\" content=\"article\" \/>\n<meta property=\"og:title\" content=\"Contacta con nosotros -\" \/>\n<meta property=\"og:description\" content=\"Visita nuestra p\u00e1gina de contacto para encontrar toda la informaci\u00f3n que necesitas para ponerte en contacto con nuestro equipo. \u00a1Estamos aqu\u00ed para ayudarte!\" \/>\n<meta property=\"og:url\" content=\"https:\/\/www.naratiezzi.it\/es\/contacta-con-nosotros\/\" \/>\n<meta property=\"article:publisher\" content=\"https:\/\/www.facebook.com\/NaraTiezzieyewear\" \/>\n<meta property=\"article:modified_time\" content=\"2025-09-16T09:31:26+00:00\" \/>\n<meta property=\"og:image\" content=\"https:\/\/www.naratiezzi.it\/nt\/wp-content\/uploads\/2024\/04\/whatsapp.png\" \/>\n<meta name=\"twitter:card\" content=\"summary_large_image\" \/>\n<script type=\"application\/ld+json\" class=\"yoast-schema-graph\">{\"@context\":\"https:\\\/\\\/schema.org\",\"@graph\":[{\"@type\":\"WebPage\",\"@id\":\"https:\\\/\\\/www.naratiezzi.it\\\/es\\\/contacta-con-nosotros\\\/\",\"url\":\"https:\\\/\\\/www.naratiezzi.it\\\/es\\\/contacta-con-nosotros\\\/\",\"name\":\"Contacta con nosotros -\",\"isPartOf\":{\"@id\":\"https:\\\/\\\/www.naratiezzi.it\\\/es\\\/#website\"},\"primaryImageOfPage\":{\"@id\":\"https:\\\/\\\/www.naratiezzi.it\\\/es\\\/contacta-con-nosotros\\\/#primaryimage\"},\"image\":{\"@id\":\"https:\\\/\\\/www.naratiezzi.it\\\/es\\\/contacta-con-nosotros\\\/#primaryimage\"},\"thumbnailUrl\":\"https:\\\/\\\/www.naratiezzi.it\\\/nt\\\/wp-content\\\/uploads\\\/2024\\\/04\\\/whatsapp.png\",\"datePublished\":\"2024-04-02T16:00:23+00:00\",\"dateModified\":\"2025-09-16T09:31:26+00:00\",\"description\":\"Visita nuestra p\u00e1gina de contacto para encontrar toda la informaci\u00f3n que necesitas para ponerte en contacto con nuestro equipo. \u00a1Estamos aqu\u00ed para ayudarte!\",\"breadcrumb\":{\"@id\":\"https:\\\/\\\/www.naratiezzi.it\\\/es\\\/contacta-con-nosotros\\\/#breadcrumb\"},\"inLanguage\":\"es\",\"potentialAction\":[{\"@type\":\"ReadAction\",\"target\":[\"https:\\\/\\\/www.naratiezzi.it\\\/es\\\/contacta-con-nosotros\\\/\"]}]},{\"@type\":\"ImageObject\",\"inLanguage\":\"es\",\"@id\":\"https:\\\/\\\/www.naratiezzi.it\\\/es\\\/contacta-con-nosotros\\\/#primaryimage\",\"url\":\"https:\\\/\\\/www.naratiezzi.it\\\/nt\\\/wp-content\\\/uploads\\\/2024\\\/04\\\/whatsapp.png\",\"contentUrl\":\"https:\\\/\\\/www.naratiezzi.it\\\/nt\\\/wp-content\\\/uploads\\\/2024\\\/04\\\/whatsapp.png\"},{\"@type\":\"BreadcrumbList\",\"@id\":\"https:\\\/\\\/www.naratiezzi.it\\\/es\\\/contacta-con-nosotros\\\/#breadcrumb\",\"itemListElement\":[{\"@type\":\"ListItem\",\"position\":1,\"name\":\"Home\",\"item\":\"https:\\\/\\\/www.naratiezzi.it\\\/es\\\/inicio\\\/\"},{\"@type\":\"ListItem\",\"position\":2,\"name\":\"Contacta con nosotros\"}]},{\"@type\":\"WebSite\",\"@id\":\"https:\\\/\\\/www.naratiezzi.it\\\/es\\\/#website\",\"url\":\"https:\\\/\\\/www.naratiezzi.it\\\/es\\\/\",\"name\":\"NaraTiezzi\",\"description\":\"Sito ufficiale NaraTiezzi\",\"alternateName\":\"NaraTiezzi eyewear\",\"potentialAction\":[{\"@type\":\"SearchAction\",\"target\":{\"@type\":\"EntryPoint\",\"urlTemplate\":\"https:\\\/\\\/www.naratiezzi.it\\\/es\\\/?s={search_term_string}\"},\"query-input\":{\"@type\":\"PropertyValueSpecification\",\"valueRequired\":true,\"valueName\":\"search_term_string\"}}],\"inLanguage\":\"es\"}]}<\/script>\n<!-- \/ Yoast SEO plugin. -->","yoast_head_json":{"title":"Contacta con nosotros -","description":"Visita nuestra p\u00e1gina de contacto para encontrar toda la informaci\u00f3n que necesitas para ponerte en contacto con nuestro equipo. \u00a1Estamos aqu\u00ed para ayudarte!","robots":{"index":"index","follow":"follow","max-snippet":"max-snippet:-1","max-image-preview":"max-image-preview:large","max-video-preview":"max-video-preview:-1"},"canonical":"https:\/\/www.naratiezzi.it\/es\/contacta-con-nosotros\/","og_locale":"es_ES","og_type":"article","og_title":"Contacta con nosotros -","og_description":"Visita nuestra p\u00e1gina de contacto para encontrar toda la informaci\u00f3n que necesitas para ponerte en contacto con nuestro equipo. \u00a1Estamos aqu\u00ed para ayudarte!","og_url":"https:\/\/www.naratiezzi.it\/es\/contacta-con-nosotros\/","article_publisher":"https:\/\/www.facebook.com\/NaraTiezzieyewear","article_modified_time":"2025-09-16T09:31:26+00:00","og_image":[{"url":"https:\/\/www.naratiezzi.it\/nt\/wp-content\/uploads\/2024\/04\/whatsapp.png","type":"","width":"","height":""}],"twitter_card":"summary_large_image","schema":{"@context":"https:\/\/schema.org","@graph":[{"@type":"WebPage","@id":"https:\/\/www.naratiezzi.it\/es\/contacta-con-nosotros\/","url":"https:\/\/www.naratiezzi.it\/es\/contacta-con-nosotros\/","name":"Contacta con nosotros -","isPartOf":{"@id":"https:\/\/www.naratiezzi.it\/es\/#website"},"primaryImageOfPage":{"@id":"https:\/\/www.naratiezzi.it\/es\/contacta-con-nosotros\/#primaryimage"},"image":{"@id":"https:\/\/www.naratiezzi.it\/es\/contacta-con-nosotros\/#primaryimage"},"thumbnailUrl":"https:\/\/www.naratiezzi.it\/nt\/wp-content\/uploads\/2024\/04\/whatsapp.png","datePublished":"2024-04-02T16:00:23+00:00","dateModified":"2025-09-16T09:31:26+00:00","description":"Visita nuestra p\u00e1gina de contacto para encontrar toda la informaci\u00f3n que necesitas para ponerte en contacto con nuestro equipo. \u00a1Estamos aqu\u00ed para ayudarte!","breadcrumb":{"@id":"https:\/\/www.naratiezzi.it\/es\/contacta-con-nosotros\/#breadcrumb"},"inLanguage":"es","potentialAction":[{"@type":"ReadAction","target":["https:\/\/www.naratiezzi.it\/es\/contacta-con-nosotros\/"]}]},{"@type":"ImageObject","inLanguage":"es","@id":"https:\/\/www.naratiezzi.it\/es\/contacta-con-nosotros\/#primaryimage","url":"https:\/\/www.naratiezzi.it\/nt\/wp-content\/uploads\/2024\/04\/whatsapp.png","contentUrl":"https:\/\/www.naratiezzi.it\/nt\/wp-content\/uploads\/2024\/04\/whatsapp.png"},{"@type":"BreadcrumbList","@id":"https:\/\/www.naratiezzi.it\/es\/contacta-con-nosotros\/#breadcrumb","itemListElement":[{"@type":"ListItem","position":1,"name":"Home","item":"https:\/\/www.naratiezzi.it\/es\/inicio\/"},{"@type":"ListItem","position":2,"name":"Contacta con nosotros"}]},{"@type":"WebSite","@id":"https:\/\/www.naratiezzi.it\/es\/#website","url":"https:\/\/www.naratiezzi.it\/es\/","name":"NaraTiezzi","description":"Sito ufficiale NaraTiezzi","alternateName":"NaraTiezzi eyewear","potentialAction":[{"@type":"SearchAction","target":{"@type":"EntryPoint","urlTemplate":"https:\/\/www.naratiezzi.it\/es\/?s={search_term_string}"},"query-input":{"@type":"PropertyValueSpecification","valueRequired":true,"valueName":"search_term_string"}}],"inLanguage":"es"}]}},"_links":{"self":[{"href":"https:\/\/www.naratiezzi.it\/es\/wp-json\/wp\/v2\/pages\/1185","targetHints":{"allow":["GET"]}}],"collection":[{"href":"https:\/\/www.naratiezzi.it\/es\/wp-json\/wp\/v2\/pages"}],"about":[{"href":"https:\/\/www.naratiezzi.it\/es\/wp-json\/wp\/v2\/types\/page"}],"author":[{"embeddable":true,"href":"https:\/\/www.naratiezzi.it\/es\/wp-json\/wp\/v2\/users\/1"}],"replies":[{"embeddable":true,"href":"https:\/\/www.naratiezzi.it\/es\/wp-json\/wp\/v2\/comments?post=1185"}],"version-history":[{"count":0,"href":"https:\/\/www.naratiezzi.it\/es\/wp-json\/wp\/v2\/pages\/1185\/revisions"}],"wp:attachment":[{"href":"https:\/\/www.naratiezzi.it\/es\/wp-json\/wp\/v2\/media?parent=1185"}],"curies":[{"name":"wp","href":"https:\/\/api.w.org\/{rel}","templated":true}]}}