{"id":1161,"date":"2024-04-02T15:06:41","date_gmt":"2024-04-02T13:06:41","guid":{"rendered":"https:\/\/www.naratiezzi.it\/historia-de-marca\/"},"modified":"2025-04-12T19:01:50","modified_gmt":"2025-04-12T17:01:50","slug":"historia-de-marca","status":"publish","type":"page","link":"https:\/\/www.naratiezzi.it\/es\/historia-de-marca\/","title":{"rendered":"Historia de marca"},"content":{"rendered":"<!--themify_builder_content-->\n<div id=\"themify_builder_content-1161\" data-postid=\"1161\" class=\"themify_builder_content themify_builder_content-1161 themify_builder tf_clear\">\n                    <div  data-lazy=\"1\" class=\"module_row themify_builder_row tb_v5tu008 tb_first tf_w\">\n            <span  class=\"builder_row_cover tf_abs\" data-lazy=\"1\"><\/span>            <div class=\"row_inner col_align_top tb_col_count_1 tf_box tf_rel\">\n                        <div  data-lazy=\"1\" class=\"module_column tb-column col-full tb_lgd6000 first\">\n                            <\/div>\n                        <\/div>\n        <\/div>\n                        <div  data-lazy=\"1\" class=\"module_row themify_builder_row tb_pixs000 tf_w\">\n                        <div class=\"row_inner col_align_top tb_col_count_3 tf_box tf_rel\">\n                        <div  data-lazy=\"1\" class=\"module_column tb-column col3-1 tb_m6hm099 first\">\n                            <\/div>\n                    <div  data-lazy=\"1\" class=\"module_column tb-column col3-1 tb_1qcx588\">\n                    <!-- module text -->\n<div  class=\"module module-text tb_qop0001   \" data-lazy=\"1\">\n        <div  class=\"tb_text_wrap\">\n        <h1>Historia<\/h1>    <\/div>\n<\/div>\n<!-- \/module text -->        <\/div>\n                    <div  data-lazy=\"1\" class=\"module_column tb-column col3-1 tb_wix5830 last\">\n                            <\/div>\n                        <\/div>\n        <\/div>\n                        <div  data-lazy=\"1\" class=\"module_row themify_builder_row tb_5tha000 tf_w\">\n                        <div class=\"row_inner col_align_top tb_col_count_2 tf_box tf_rel\">\n                        <div  data-lazy=\"1\" class=\"module_column tb-column col4-2 tb_htm5000 first\">\n                    <!-- module text -->\n<div  class=\"module module-text tb_0bxo007   \" data-lazy=\"1\">\n        <div  class=\"tb_text_wrap\">\n        <h1>naratiezzi<\/h1>    <\/div>\n<\/div>\n<!-- \/module text --><!-- module text -->\n<div  class=\"module module-text tb_eywl080   \" data-lazy=\"1\">\n        <div  class=\"tb_text_wrap\">\n        <p>Contempor\u00e1neo con AMOR<\/p>    <\/div>\n<\/div>\n<!-- \/module text --><!-- module text -->\n<div  class=\"module module-text tb_wpc3000   \" data-lazy=\"1\">\n        <div  class=\"tb_text_wrap\">\n        <p>Fundada y dirigida creativamente, Nara Tiezzi es una marca atemporal, sencilla y sofisticada para mujeres modernas, sin edad y sin fronteras, en la que el minimalismo cobra protagonismo con materiales de calidad, formas suaves y detalles refinados.<\/p><p>NaraTiezzi encuentra la emancipaci\u00f3n, la fuerza interior y la confianza en las formas esenciales. Inspirada por la amplia gama de experiencias vitales, vio la necesidad de crear una marca vers\u00e1til y atemporal para mujeres elegantes e inteligentes de todas las edades y procedencias: <strong>mujeres que dise\u00f1an su propia vida<\/strong>.<\/p><p>Encarnando su gusto por el estilo, Nara Tiezzi dise\u00f1a sus productos con un toque glamuroso, cl\u00e1sico pero moderno y sencillo, enriquecido con una nota distintiva de personalidad.<\/p>    <\/div>\n<\/div>\n<!-- \/module text -->        <\/div>\n                    <div  data-lazy=\"1\" class=\"module_column tb-column col4-2 tb_85d8860 last\">\n                    <!-- module image -->\n<div  class=\"module module-image tb_s9yn200 image-top   auto_fullwidth tf_mw\" data-lazy=\"1\" data-parallax-element-speed=\"1\" data-lax-translate-y=\"vh 1,0 -70\" data-lax=\"true\">\n        <div class=\"image-wrap tf_rel tf_mw\">\n            <img loading=\"lazy\" decoding=\"async\" src=\"https:\/\/www.naratiezzi.it\/nt\/wp-content\/uploads\/2024\/04\/DSC_1594-1-512x667.jpg\" width=\"512\" height=\"667\" class=\"wp-post-image wp-image-1031\" title=\"DSC_1594\" alt=\"DSC_1594\" srcset=\"https:\/\/www.naratiezzi.it\/nt\/wp-content\/uploads\/2024\/04\/DSC_1594-1.jpg 512w, https:\/\/www.naratiezzi.it\/nt\/wp-content\/uploads\/2024\/04\/DSC_1594-1-230x300.jpg 230w\" sizes=\"auto, (max-width: 512px) 100vw, 512px\" \/>    \n        <\/div>\n    <!-- \/image-wrap -->\n    \n        <\/div>\n<!-- \/module image -->        <\/div>\n                        <\/div>\n        <\/div>\n                        <div  data-lazy=\"1\" class=\"module_row themify_builder_row tb_vyp2404 tf_w\">\n                        <div class=\"row_inner col_align_middle gutter-none tb_col_count_2 tf_box tf_rel\">\n                        <div  data-lazy=\"1\" class=\"module_column tb-column col3-2 tb_l830686 first\">\n                    <!-- module image -->\n<div  class=\"module module-image tb_r28e666 image-top   auto_fullwidth tf_mw\" data-lazy=\"1\">\n        <div class=\"image-wrap tf_rel tf_mw\">\n            <img loading=\"lazy\" decoding=\"async\" src=\"https:\/\/www.naratiezzi.it\/nt\/wp-content\/uploads\/2024\/04\/IMG_250045-828x560.jpg\" width=\"828\" height=\"560\" class=\"wp-post-image wp-image-1025\" title=\"IMG_250045\" alt=\"IMG_250045\" srcset=\"https:\/\/www.naratiezzi.it\/nt\/wp-content\/uploads\/2024\/04\/IMG_250045.jpg 828w, https:\/\/www.naratiezzi.it\/nt\/wp-content\/uploads\/2024\/04\/IMG_250045-300x203.jpg 300w, https:\/\/www.naratiezzi.it\/nt\/wp-content\/uploads\/2024\/04\/IMG_250045-768x519.jpg 768w\" sizes=\"auto, (max-width: 828px) 100vw, 828px\" \/>    \n        <\/div>\n    <!-- \/image-wrap -->\n    \n        <\/div>\n<!-- \/module image -->        <\/div>\n                    <div  data-lazy=\"1\" class=\"module_column tb-column col3-1 tb_n6q0886 last\">\n                    <!-- module text -->\n<div  class=\"module module-text tb_my40000   \" data-lazy=\"1\" data-parallax-element-speed=\"1\" data-lax-translate-y=\"vh 1,0 -70\" data-lax=\"true\">\n        <div  class=\"tb_text_wrap\">\n        <h1>La moda y el Renacimiento<\/h1><p><em><strong>El refinado encanto de los or\u00edgenes.<\/strong><\/em><\/p><p>Puede parecer que todo empez\u00f3 con el simple deseo de crear unas gafas, pero la verdad es que siempre quise que fuera un homenaje a la tierra toscana.<\/p><p>Una tierra de artesanos, de personas creativas e ingeniosas, capaces de crear obras extraordinarias con sus propias manos. Aqu\u00ed, donde nacieron tantos genios art\u00edsticos, el trabajo en los talleres representa el coraz\u00f3n palpitante de la artesan\u00eda toscana, donde los grandes talentos perfeccionaron su arte.<\/p><p>La energ\u00eda vibrante, los colores vivos y la fusi\u00f3n de personalidades y estilos confieren a la Toscana su car\u00e1cter \u00fanico y su alma viva. Desde el primer d\u00eda, \u00e9sta ha sido mi verdadera visi\u00f3n: rendir homenaje a esta tierra extraordinaria a trav\u00e9s de cada detalle de mis creaciones.<\/p>    <\/div>\n<\/div>\n<!-- \/module text -->        <\/div>\n                        <\/div>\n        <\/div>\n        <\/div>\n<!--\/themify_builder_content-->","protected":false},"excerpt":{"rendered":"<p>Historia naratiezzi Contempor\u00e1neo con AMOR Fundada y dirigida creativamente, Nara Tiezzi es una marca atemporal, sencilla y sofisticada para mujeres modernas, sin edad y sin fronteras, en la que el minimalismo cobra protagonismo con materiales de calidad, formas suaves y detalles refinados. NaraTiezzi encuentra la emancipaci\u00f3n, la fuerza interior y la confianza en las formas [&hellip;]<\/p>\n","protected":false},"author":1,"featured_media":0,"parent":0,"menu_order":0,"comment_status":"closed","ping_status":"closed","template":"","meta":{"footnotes":""},"class_list":["post-1161","page","type-page","status-publish","hentry","has-post-title","has-post-date","has-post-category","has-post-tag","has-post-comment","has-post-author",""],"yoast_head":"<!-- This site is optimized with the Yoast SEO plugin v27.3 - https:\/\/yoast.com\/product\/yoast-seo-wordpress\/ -->\n<title>Historia de marca -<\/title>\n<meta name=\"description\" content=\"Explora nuestra pasi\u00f3n por la moda en NaraTiezzi: la inspiraci\u00f3n y el dise\u00f1o innovador caracterizan nuestras gafas de vista y de sol\" \/>\n<meta name=\"robots\" content=\"index, follow, max-snippet:-1, max-image-preview:large, max-video-preview:-1\" \/>\n<link rel=\"canonical\" href=\"https:\/\/www.naratiezzi.it\/es\/historia-de-marca\/\" \/>\n<meta property=\"og:locale\" content=\"es_ES\" \/>\n<meta property=\"og:type\" content=\"article\" \/>\n<meta property=\"og:title\" content=\"Historia de marca -\" \/>\n<meta property=\"og:description\" content=\"Explora nuestra pasi\u00f3n por la moda en NaraTiezzi: la inspiraci\u00f3n y el dise\u00f1o innovador caracterizan nuestras gafas de vista y de sol\" \/>\n<meta property=\"og:url\" content=\"https:\/\/www.naratiezzi.it\/es\/historia-de-marca\/\" \/>\n<meta property=\"article:publisher\" content=\"https:\/\/www.facebook.com\/NaraTiezzieyewear\" \/>\n<meta property=\"article:modified_time\" content=\"2025-04-12T17:01:50+00:00\" \/>\n<meta property=\"og:image\" content=\"https:\/\/www.naratiezzi.it\/nt\/wp-content\/uploads\/2024\/04\/DSC_1594-1.jpg\" \/>\n\t<meta property=\"og:image:width\" content=\"512\" \/>\n\t<meta property=\"og:image:height\" content=\"667\" \/>\n\t<meta property=\"og:image:type\" content=\"image\/jpeg\" \/>\n<meta name=\"twitter:card\" content=\"summary_large_image\" \/>\n<meta name=\"twitter:label1\" content=\"Tiempo de lectura\" \/>\n\t<meta name=\"twitter:data1\" content=\"1 minuto\" \/>\n<script type=\"application\/ld+json\" class=\"yoast-schema-graph\">{\"@context\":\"https:\\\/\\\/schema.org\",\"@graph\":[{\"@type\":\"WebPage\",\"@id\":\"https:\\\/\\\/www.naratiezzi.it\\\/es\\\/historia-de-marca\\\/\",\"url\":\"https:\\\/\\\/www.naratiezzi.it\\\/es\\\/historia-de-marca\\\/\",\"name\":\"Historia de marca -\",\"isPartOf\":{\"@id\":\"https:\\\/\\\/www.naratiezzi.it\\\/es\\\/#website\"},\"primaryImageOfPage\":{\"@id\":\"https:\\\/\\\/www.naratiezzi.it\\\/es\\\/historia-de-marca\\\/#primaryimage\"},\"image\":{\"@id\":\"https:\\\/\\\/www.naratiezzi.it\\\/es\\\/historia-de-marca\\\/#primaryimage\"},\"thumbnailUrl\":\"https:\\\/\\\/www.naratiezzi.it\\\/nt\\\/wp-content\\\/uploads\\\/2024\\\/04\\\/DSC_1594-1-512x667.jpg\",\"datePublished\":\"2024-04-02T13:06:41+00:00\",\"dateModified\":\"2025-04-12T17:01:50+00:00\",\"description\":\"Explora nuestra pasi\u00f3n por la moda en NaraTiezzi: la inspiraci\u00f3n y el dise\u00f1o innovador caracterizan nuestras gafas de vista y de sol\",\"breadcrumb\":{\"@id\":\"https:\\\/\\\/www.naratiezzi.it\\\/es\\\/historia-de-marca\\\/#breadcrumb\"},\"inLanguage\":\"es\",\"potentialAction\":[{\"@type\":\"ReadAction\",\"target\":[\"https:\\\/\\\/www.naratiezzi.it\\\/es\\\/historia-de-marca\\\/\"]}]},{\"@type\":\"ImageObject\",\"inLanguage\":\"es\",\"@id\":\"https:\\\/\\\/www.naratiezzi.it\\\/es\\\/historia-de-marca\\\/#primaryimage\",\"url\":\"https:\\\/\\\/www.naratiezzi.it\\\/nt\\\/wp-content\\\/uploads\\\/2024\\\/04\\\/DSC_1594-1-512x667.jpg\",\"contentUrl\":\"https:\\\/\\\/www.naratiezzi.it\\\/nt\\\/wp-content\\\/uploads\\\/2024\\\/04\\\/DSC_1594-1-512x667.jpg\"},{\"@type\":\"BreadcrumbList\",\"@id\":\"https:\\\/\\\/www.naratiezzi.it\\\/es\\\/historia-de-marca\\\/#breadcrumb\",\"itemListElement\":[{\"@type\":\"ListItem\",\"position\":1,\"name\":\"Home\",\"item\":\"https:\\\/\\\/www.naratiezzi.it\\\/es\\\/inicio\\\/\"},{\"@type\":\"ListItem\",\"position\":2,\"name\":\"Historia de marca\"}]},{\"@type\":\"WebSite\",\"@id\":\"https:\\\/\\\/www.naratiezzi.it\\\/es\\\/#website\",\"url\":\"https:\\\/\\\/www.naratiezzi.it\\\/es\\\/\",\"name\":\"NaraTiezzi\",\"description\":\"Sito ufficiale NaraTiezzi\",\"alternateName\":\"NaraTiezzi eyewear\",\"potentialAction\":[{\"@type\":\"SearchAction\",\"target\":{\"@type\":\"EntryPoint\",\"urlTemplate\":\"https:\\\/\\\/www.naratiezzi.it\\\/es\\\/?s={search_term_string}\"},\"query-input\":{\"@type\":\"PropertyValueSpecification\",\"valueRequired\":true,\"valueName\":\"search_term_string\"}}],\"inLanguage\":\"es\"}]}<\/script>\n<!-- \/ Yoast SEO plugin. -->","yoast_head_json":{"title":"Historia de marca -","description":"Explora nuestra pasi\u00f3n por la moda en NaraTiezzi: la inspiraci\u00f3n y el dise\u00f1o innovador caracterizan nuestras gafas de vista y de sol","robots":{"index":"index","follow":"follow","max-snippet":"max-snippet:-1","max-image-preview":"max-image-preview:large","max-video-preview":"max-video-preview:-1"},"canonical":"https:\/\/www.naratiezzi.it\/es\/historia-de-marca\/","og_locale":"es_ES","og_type":"article","og_title":"Historia de marca -","og_description":"Explora nuestra pasi\u00f3n por la moda en NaraTiezzi: la inspiraci\u00f3n y el dise\u00f1o innovador caracterizan nuestras gafas de vista y de sol","og_url":"https:\/\/www.naratiezzi.it\/es\/historia-de-marca\/","article_publisher":"https:\/\/www.facebook.com\/NaraTiezzieyewear","article_modified_time":"2025-04-12T17:01:50+00:00","og_image":[{"width":512,"height":667,"url":"https:\/\/www.naratiezzi.it\/nt\/wp-content\/uploads\/2024\/04\/DSC_1594-1.jpg","type":"image\/jpeg"}],"twitter_card":"summary_large_image","twitter_misc":{"Tiempo de lectura":"1 minuto"},"schema":{"@context":"https:\/\/schema.org","@graph":[{"@type":"WebPage","@id":"https:\/\/www.naratiezzi.it\/es\/historia-de-marca\/","url":"https:\/\/www.naratiezzi.it\/es\/historia-de-marca\/","name":"Historia de marca -","isPartOf":{"@id":"https:\/\/www.naratiezzi.it\/es\/#website"},"primaryImageOfPage":{"@id":"https:\/\/www.naratiezzi.it\/es\/historia-de-marca\/#primaryimage"},"image":{"@id":"https:\/\/www.naratiezzi.it\/es\/historia-de-marca\/#primaryimage"},"thumbnailUrl":"https:\/\/www.naratiezzi.it\/nt\/wp-content\/uploads\/2024\/04\/DSC_1594-1-512x667.jpg","datePublished":"2024-04-02T13:06:41+00:00","dateModified":"2025-04-12T17:01:50+00:00","description":"Explora nuestra pasi\u00f3n por la moda en NaraTiezzi: la inspiraci\u00f3n y el dise\u00f1o innovador caracterizan nuestras gafas de vista y de sol","breadcrumb":{"@id":"https:\/\/www.naratiezzi.it\/es\/historia-de-marca\/#breadcrumb"},"inLanguage":"es","potentialAction":[{"@type":"ReadAction","target":["https:\/\/www.naratiezzi.it\/es\/historia-de-marca\/"]}]},{"@type":"ImageObject","inLanguage":"es","@id":"https:\/\/www.naratiezzi.it\/es\/historia-de-marca\/#primaryimage","url":"https:\/\/www.naratiezzi.it\/nt\/wp-content\/uploads\/2024\/04\/DSC_1594-1-512x667.jpg","contentUrl":"https:\/\/www.naratiezzi.it\/nt\/wp-content\/uploads\/2024\/04\/DSC_1594-1-512x667.jpg"},{"@type":"BreadcrumbList","@id":"https:\/\/www.naratiezzi.it\/es\/historia-de-marca\/#breadcrumb","itemListElement":[{"@type":"ListItem","position":1,"name":"Home","item":"https:\/\/www.naratiezzi.it\/es\/inicio\/"},{"@type":"ListItem","position":2,"name":"Historia de marca"}]},{"@type":"WebSite","@id":"https:\/\/www.naratiezzi.it\/es\/#website","url":"https:\/\/www.naratiezzi.it\/es\/","name":"NaraTiezzi","description":"Sito ufficiale NaraTiezzi","alternateName":"NaraTiezzi eyewear","potentialAction":[{"@type":"SearchAction","target":{"@type":"EntryPoint","urlTemplate":"https:\/\/www.naratiezzi.it\/es\/?s={search_term_string}"},"query-input":{"@type":"PropertyValueSpecification","valueRequired":true,"valueName":"search_term_string"}}],"inLanguage":"es"}]}},"_links":{"self":[{"href":"https:\/\/www.naratiezzi.it\/es\/wp-json\/wp\/v2\/pages\/1161","targetHints":{"allow":["GET"]}}],"collection":[{"href":"https:\/\/www.naratiezzi.it\/es\/wp-json\/wp\/v2\/pages"}],"about":[{"href":"https:\/\/www.naratiezzi.it\/es\/wp-json\/wp\/v2\/types\/page"}],"author":[{"embeddable":true,"href":"https:\/\/www.naratiezzi.it\/es\/wp-json\/wp\/v2\/users\/1"}],"replies":[{"embeddable":true,"href":"https:\/\/www.naratiezzi.it\/es\/wp-json\/wp\/v2\/comments?post=1161"}],"version-history":[{"count":0,"href":"https:\/\/www.naratiezzi.it\/es\/wp-json\/wp\/v2\/pages\/1161\/revisions"}],"wp:attachment":[{"href":"https:\/\/www.naratiezzi.it\/es\/wp-json\/wp\/v2\/media?parent=1161"}],"curies":[{"name":"wp","href":"https:\/\/api.w.org\/{rel}","templated":true}]}}